{"id":104,"date":"2024-03-02T13:23:23","date_gmt":"2024-03-02T12:23:23","guid":{"rendered":"https:\/\/lapero.shop\/?post_type=product&#038;p=104"},"modified":"2024-06-12T15:44:46","modified_gmt":"2024-06-12T13:44:46","slug":"bulles-jardin-rose-gingembre","status":"publish","type":"product","link":"https:\/\/www.lapero.shop\/index.php\/produit\/bulles-jardin-rose-gingembre\/","title":{"rendered":"Bulles de Jardins Rose et Gingembre"},"content":{"rendered":"<p>Pour les papilles qui n&rsquo;ont pas froid aux yeux: un p\u00e9tillant qui fait le pari de la rose alli\u00e9 au gingembre, un parfum tr\u00e8s fruit\u00e9 de litchi au nez.<\/p>\n<p>Nous l&rsquo;avons go\u00fbt\u00e9 bien frais en ap\u00e9ritif, une excellente d\u00e9gustation qui peut en surprendre certains par la pr\u00e9sence de la rose, assez marqu\u00e9e (personnellement, c&rsquo;est un vrai coup de coeur).<\/p>\n<p>Le gingembre apporte une vraie vivacit\u00e9, le verre se d\u00e9guste comme un vrai ap\u00e9ritif.<\/p>\n<p>A tester sur des poissons blancs et des desserts au chocolat.<\/p>\n<p>Id\u00e9al pour les vins d&rsquo;honneur!<\/p>\n<p>Bouteille de 75 cl.<\/p>\n","protected":false},"excerpt":{"rendered":"<p>Bulles de Jardins Rose et Gingembre, 75 cl<\/p>\n","protected":false},"featured_media":100,"comment_status":"open","ping_status":"closed","template":"","meta":[],"product_brand":[],"product_cat":[20],"product_tag":[26],"class_list":{"0":"post-104","1":"product","2":"type-product","3":"status-publish","4":"has-post-thumbnail","6":"product_cat-petillants","7":"product_tag-spicy","9":"first","10":"instock","11":"shipping-taxable","12":"purchasable","13":"product-type-simple"},"yoast_head":"<!-- This site is optimized with the Yoast SEO plugin v27.4 - https:\/\/yoast.com\/product\/yoast-seo-wordpress\/ -->\n<title>Bulles de Jardins Rose et Gingembre - L&#039;ap\u00e9ro<\/title>\n<meta name=\"description\" content=\"Pour boire sans alcool mais avec plaisir! P\u00e9tillant Bulles de Jardin Rose et Gingembre. Livraisons gratuites, sur Toulouse et proche agglom\u00e9ration.\" \/>\n<meta name=\"robots\" content=\"index, follow, max-snippet:-1, max-image-preview:large, max-video-preview:-1\" \/>\n<link rel=\"canonical\" href=\"https:\/\/www.lapero.shop\/index.php\/produit\/bulles-jardin-rose-gingembre\/\" \/>\n<meta property=\"og:locale\" content=\"fr_FR\" \/>\n<meta property=\"og:type\" content=\"article\" \/>\n<meta property=\"og:title\" content=\"Bulles de Jardins Rose et Gingembre - L&#039;ap\u00e9ro\" \/>\n<meta property=\"og:description\" content=\"Pour boire sans alcool mais avec plaisir! P\u00e9tillant Bulles de Jardin Rose et Gingembre. Livraisons gratuites, sur Toulouse et proche agglom\u00e9ration.\" \/>\n<meta property=\"og:url\" content=\"https:\/\/www.lapero.shop\/index.php\/produit\/bulles-jardin-rose-gingembre\/\" \/>\n<meta property=\"og:site_name\" content=\"L&#039;ap\u00e9ro\" \/>\n<meta property=\"article:modified_time\" content=\"2024-06-12T13:44:46+00:00\" \/>\n<meta property=\"og:image\" content=\"https:\/\/www.lapero.shop\/wp-content\/uploads\/2024\/03\/bulles-de-rose-gingembre-75-cl-cocktail-sans-alcool-927863_1100x.webp\" \/>\n\t<meta property=\"og:image:width\" content=\"1100\" \/>\n\t<meta property=\"og:image:height\" content=\"1100\" \/>\n\t<meta property=\"og:image:type\" content=\"image\/webp\" \/>\n<meta name=\"twitter:card\" content=\"summary_large_image\" \/>\n<meta name=\"twitter:label1\" content=\"Dur\u00e9e de lecture estim\u00e9e\" \/>\n\t<meta name=\"twitter:data1\" content=\"1 minute\" \/>\n<script type=\"application\/ld+json\" class=\"yoast-schema-graph\">{\"@context\":\"https:\\\/\\\/schema.org\",\"@graph\":[{\"@type\":\"WebPage\",\"@id\":\"https:\\\/\\\/www.lapero.shop\\\/index.php\\\/produit\\\/bulles-jardin-rose-gingembre\\\/\",\"url\":\"https:\\\/\\\/www.lapero.shop\\\/index.php\\\/produit\\\/bulles-jardin-rose-gingembre\\\/\",\"name\":\"Bulles de Jardins Rose et Gingembre - L&#039;ap\u00e9ro\",\"isPartOf\":{\"@id\":\"https:\\\/\\\/www.lapero.shop\\\/#website\"},\"primaryImageOfPage\":{\"@id\":\"https:\\\/\\\/www.lapero.shop\\\/index.php\\\/produit\\\/bulles-jardin-rose-gingembre\\\/#primaryimage\"},\"image\":{\"@id\":\"https:\\\/\\\/www.lapero.shop\\\/index.php\\\/produit\\\/bulles-jardin-rose-gingembre\\\/#primaryimage\"},\"thumbnailUrl\":\"https:\\\/\\\/www.lapero.shop\\\/wp-content\\\/uploads\\\/2024\\\/03\\\/bulles-de-rose-gingembre-75-cl-cocktail-sans-alcool-927863_1100x.webp\",\"datePublished\":\"2024-03-02T12:23:23+00:00\",\"dateModified\":\"2024-06-12T13:44:46+00:00\",\"description\":\"Pour boire sans alcool mais avec plaisir! P\u00e9tillant Bulles de Jardin Rose et Gingembre. Livraisons gratuites, sur Toulouse et proche agglom\u00e9ration.\",\"breadcrumb\":{\"@id\":\"https:\\\/\\\/www.lapero.shop\\\/index.php\\\/produit\\\/bulles-jardin-rose-gingembre\\\/#breadcrumb\"},\"inLanguage\":\"fr-FR\",\"potentialAction\":[{\"@type\":\"ReadAction\",\"target\":[\"https:\\\/\\\/www.lapero.shop\\\/index.php\\\/produit\\\/bulles-jardin-rose-gingembre\\\/\"]}]},{\"@type\":\"ImageObject\",\"inLanguage\":\"fr-FR\",\"@id\":\"https:\\\/\\\/www.lapero.shop\\\/index.php\\\/produit\\\/bulles-jardin-rose-gingembre\\\/#primaryimage\",\"url\":\"https:\\\/\\\/www.lapero.shop\\\/wp-content\\\/uploads\\\/2024\\\/03\\\/bulles-de-rose-gingembre-75-cl-cocktail-sans-alcool-927863_1100x.webp\",\"contentUrl\":\"https:\\\/\\\/www.lapero.shop\\\/wp-content\\\/uploads\\\/2024\\\/03\\\/bulles-de-rose-gingembre-75-cl-cocktail-sans-alcool-927863_1100x.webp\",\"width\":1100,\"height\":1100},{\"@type\":\"BreadcrumbList\",\"@id\":\"https:\\\/\\\/www.lapero.shop\\\/index.php\\\/produit\\\/bulles-jardin-rose-gingembre\\\/#breadcrumb\",\"itemListElement\":[{\"@type\":\"ListItem\",\"position\":1,\"name\":\"Accueil\",\"item\":\"https:\\\/\\\/www.lapero.shop\\\/\"},{\"@type\":\"ListItem\",\"position\":2,\"name\":\"Boutique\",\"item\":\"https:\\\/\\\/www.lapero.shop\\\/index.php\\\/boutique\\\/\"},{\"@type\":\"ListItem\",\"position\":3,\"name\":\"Bulles de Jardins Rose et Gingembre\"}]},{\"@type\":\"WebSite\",\"@id\":\"https:\\\/\\\/www.lapero.shop\\\/#website\",\"url\":\"https:\\\/\\\/www.lapero.shop\\\/\",\"name\":\"L&#039;ap\u00e9ro\",\"description\":\"Boissons festives sans alcool\",\"publisher\":{\"@id\":\"https:\\\/\\\/www.lapero.shop\\\/#organization\"},\"potentialAction\":[{\"@type\":\"SearchAction\",\"target\":{\"@type\":\"EntryPoint\",\"urlTemplate\":\"https:\\\/\\\/www.lapero.shop\\\/?s={search_term_string}\"},\"query-input\":{\"@type\":\"PropertyValueSpecification\",\"valueRequired\":true,\"valueName\":\"search_term_string\"}}],\"inLanguage\":\"fr-FR\"},{\"@type\":\"Organization\",\"@id\":\"https:\\\/\\\/www.lapero.shop\\\/#organization\",\"name\":\"L&#039;ap\u00e9ro\",\"url\":\"https:\\\/\\\/www.lapero.shop\\\/\",\"logo\":{\"@type\":\"ImageObject\",\"inLanguage\":\"fr-FR\",\"@id\":\"https:\\\/\\\/www.lapero.shop\\\/#\\\/schema\\\/logo\\\/image\\\/\",\"url\":\"https:\\\/\\\/www.lapero.shop\\\/wp-content\\\/uploads\\\/2024\\\/03\\\/cropped-logo_Lapero.shop_small.png\",\"contentUrl\":\"https:\\\/\\\/www.lapero.shop\\\/wp-content\\\/uploads\\\/2024\\\/03\\\/cropped-logo_Lapero.shop_small.png\",\"width\":1276,\"height\":332,\"caption\":\"L&#039;ap\u00e9ro\"},\"image\":{\"@id\":\"https:\\\/\\\/www.lapero.shop\\\/#\\\/schema\\\/logo\\\/image\\\/\"}}]}<\/script>\n<!-- \/ Yoast SEO plugin. -->","yoast_head_json":{"title":"Bulles de Jardins Rose et Gingembre - L&#039;ap\u00e9ro","description":"Pour boire sans alcool mais avec plaisir! P\u00e9tillant Bulles de Jardin Rose et Gingembre. Livraisons gratuites, sur Toulouse et proche agglom\u00e9ration.","robots":{"index":"index","follow":"follow","max-snippet":"max-snippet:-1","max-image-preview":"max-image-preview:large","max-video-preview":"max-video-preview:-1"},"canonical":"https:\/\/www.lapero.shop\/index.php\/produit\/bulles-jardin-rose-gingembre\/","og_locale":"fr_FR","og_type":"article","og_title":"Bulles de Jardins Rose et Gingembre - L&#039;ap\u00e9ro","og_description":"Pour boire sans alcool mais avec plaisir! P\u00e9tillant Bulles de Jardin Rose et Gingembre. Livraisons gratuites, sur Toulouse et proche agglom\u00e9ration.","og_url":"https:\/\/www.lapero.shop\/index.php\/produit\/bulles-jardin-rose-gingembre\/","og_site_name":"L&#039;ap\u00e9ro","article_modified_time":"2024-06-12T13:44:46+00:00","og_image":[{"width":1100,"height":1100,"url":"https:\/\/www.lapero.shop\/wp-content\/uploads\/2024\/03\/bulles-de-rose-gingembre-75-cl-cocktail-sans-alcool-927863_1100x.webp","type":"image\/webp"}],"twitter_card":"summary_large_image","twitter_misc":{"Dur\u00e9e de lecture estim\u00e9e":"1 minute"},"schema":{"@context":"https:\/\/schema.org","@graph":[{"@type":"WebPage","@id":"https:\/\/www.lapero.shop\/index.php\/produit\/bulles-jardin-rose-gingembre\/","url":"https:\/\/www.lapero.shop\/index.php\/produit\/bulles-jardin-rose-gingembre\/","name":"Bulles de Jardins Rose et Gingembre - L&#039;ap\u00e9ro","isPartOf":{"@id":"https:\/\/www.lapero.shop\/#website"},"primaryImageOfPage":{"@id":"https:\/\/www.lapero.shop\/index.php\/produit\/bulles-jardin-rose-gingembre\/#primaryimage"},"image":{"@id":"https:\/\/www.lapero.shop\/index.php\/produit\/bulles-jardin-rose-gingembre\/#primaryimage"},"thumbnailUrl":"https:\/\/www.lapero.shop\/wp-content\/uploads\/2024\/03\/bulles-de-rose-gingembre-75-cl-cocktail-sans-alcool-927863_1100x.webp","datePublished":"2024-03-02T12:23:23+00:00","dateModified":"2024-06-12T13:44:46+00:00","description":"Pour boire sans alcool mais avec plaisir! P\u00e9tillant Bulles de Jardin Rose et Gingembre. Livraisons gratuites, sur Toulouse et proche agglom\u00e9ration.","breadcrumb":{"@id":"https:\/\/www.lapero.shop\/index.php\/produit\/bulles-jardin-rose-gingembre\/#breadcrumb"},"inLanguage":"fr-FR","potentialAction":[{"@type":"ReadAction","target":["https:\/\/www.lapero.shop\/index.php\/produit\/bulles-jardin-rose-gingembre\/"]}]},{"@type":"ImageObject","inLanguage":"fr-FR","@id":"https:\/\/www.lapero.shop\/index.php\/produit\/bulles-jardin-rose-gingembre\/#primaryimage","url":"https:\/\/www.lapero.shop\/wp-content\/uploads\/2024\/03\/bulles-de-rose-gingembre-75-cl-cocktail-sans-alcool-927863_1100x.webp","contentUrl":"https:\/\/www.lapero.shop\/wp-content\/uploads\/2024\/03\/bulles-de-rose-gingembre-75-cl-cocktail-sans-alcool-927863_1100x.webp","width":1100,"height":1100},{"@type":"BreadcrumbList","@id":"https:\/\/www.lapero.shop\/index.php\/produit\/bulles-jardin-rose-gingembre\/#breadcrumb","itemListElement":[{"@type":"ListItem","position":1,"name":"Accueil","item":"https:\/\/www.lapero.shop\/"},{"@type":"ListItem","position":2,"name":"Boutique","item":"https:\/\/www.lapero.shop\/index.php\/boutique\/"},{"@type":"ListItem","position":3,"name":"Bulles de Jardins Rose et Gingembre"}]},{"@type":"WebSite","@id":"https:\/\/www.lapero.shop\/#website","url":"https:\/\/www.lapero.shop\/","name":"L&#039;ap\u00e9ro","description":"Boissons festives sans alcool","publisher":{"@id":"https:\/\/www.lapero.shop\/#organization"},"potentialAction":[{"@type":"SearchAction","target":{"@type":"EntryPoint","urlTemplate":"https:\/\/www.lapero.shop\/?s={search_term_string}"},"query-input":{"@type":"PropertyValueSpecification","valueRequired":true,"valueName":"search_term_string"}}],"inLanguage":"fr-FR"},{"@type":"Organization","@id":"https:\/\/www.lapero.shop\/#organization","name":"L&#039;ap\u00e9ro","url":"https:\/\/www.lapero.shop\/","logo":{"@type":"ImageObject","inLanguage":"fr-FR","@id":"https:\/\/www.lapero.shop\/#\/schema\/logo\/image\/","url":"https:\/\/www.lapero.shop\/wp-content\/uploads\/2024\/03\/cropped-logo_Lapero.shop_small.png","contentUrl":"https:\/\/www.lapero.shop\/wp-content\/uploads\/2024\/03\/cropped-logo_Lapero.shop_small.png","width":1276,"height":332,"caption":"L&#039;ap\u00e9ro"},"image":{"@id":"https:\/\/www.lapero.shop\/#\/schema\/logo\/image\/"}}]}},"jetpack_sharing_enabled":true,"_links":{"self":[{"href":"https:\/\/www.lapero.shop\/index.php\/wp-json\/wp\/v2\/product\/104","targetHints":{"allow":["GET"]}}],"collection":[{"href":"https:\/\/www.lapero.shop\/index.php\/wp-json\/wp\/v2\/product"}],"about":[{"href":"https:\/\/www.lapero.shop\/index.php\/wp-json\/wp\/v2\/types\/product"}],"replies":[{"embeddable":true,"href":"https:\/\/www.lapero.shop\/index.php\/wp-json\/wp\/v2\/comments?post=104"}],"wp:featuredmedia":[{"embeddable":true,"href":"https:\/\/www.lapero.shop\/index.php\/wp-json\/wp\/v2\/media\/100"}],"wp:attachment":[{"href":"https:\/\/www.lapero.shop\/index.php\/wp-json\/wp\/v2\/media?parent=104"}],"wp:term":[{"taxonomy":"product_brand","embeddable":true,"href":"https:\/\/www.lapero.shop\/index.php\/wp-json\/wp\/v2\/product_brand?post=104"},{"taxonomy":"product_cat","embeddable":true,"href":"https:\/\/www.lapero.shop\/index.php\/wp-json\/wp\/v2\/product_cat?post=104"},{"taxonomy":"product_tag","embeddable":true,"href":"https:\/\/www.lapero.shop\/index.php\/wp-json\/wp\/v2\/product_tag?post=104"}],"curies":[{"name":"wp","href":"https:\/\/api.w.org\/{rel}","templated":true}]}}