{"id":203,"date":"2024-04-29T16:17:25","date_gmt":"2024-04-29T14:17:25","guid":{"rendered":"https:\/\/www.lapero.shop\/?post_type=product&#038;p=203"},"modified":"2026-03-11T16:27:52","modified_gmt":"2026-03-11T15:27:52","slug":"edmond-blanche","status":"publish","type":"product","link":"https:\/\/www.lapero.shop\/index.php\/produit\/edmond-blanche\/","title":{"rendered":"Bi\u00e8re Blanche Bio &#8211; Edmond"},"content":{"rendered":"<p>Les bi\u00e8res Edmond sont issues d&rsquo;une brasserie 100% d\u00e9di\u00e9e \u00e0 la fabrication artisanale de bi\u00e8res sans-alcool, avec des gages de qualit\u00e9 remarquables:<\/p>\n<p>&#8211; premi\u00e8res bi\u00e8res fran\u00e7aises sans alcool \u00e0 \u00eatre labellis\u00e9es bio<\/p>\n<p>&#8211; faible taux de sucre (3g pour 100 ml)<\/p>\n<p>&#8211; pas d&rsquo;ar\u00f4mes ajout\u00e9s, rien que du malt, du houblon et parfois des fruits ou des plantes<\/p>\n<p>Bref, une vraie bi\u00e8re, avec du go\u00fbt!<\/p>\n<p>Bi\u00e8re de bl\u00e9 blanche, aux notes d&rsquo;agrumes, c&rsquo;est la premi\u00e8re recette qui a lanc\u00e9 la brasserie en 2019.<\/p>\n<p>Bouteille de 33 cl, moins de 0,5% d&rsquo;alcool.<\/p>\n<p>&nbsp;<\/p>\n","protected":false},"excerpt":{"rendered":"<p>Bi\u00e8re blanche bio sans alcool, 33 cl<\/p>\n","protected":false},"featured_media":202,"comment_status":"open","ping_status":"closed","template":"","meta":[],"product_brand":[],"product_cat":[25],"product_tag":[],"class_list":{"0":"post-203","1":"product","2":"type-product","3":"status-publish","4":"has-post-thumbnail","6":"product_cat-bieres-sans-alcool","8":"first","9":"outofstock","10":"shipping-taxable","11":"purchasable","12":"product-type-simple"},"yoast_head":"<!-- This site is optimized with the Yoast SEO plugin v27.4 - https:\/\/yoast.com\/product\/yoast-seo-wordpress\/ -->\n<title>Bi\u00e8re Blanche Bio - Edmond - L&#039;ap\u00e9ro.shop<\/title>\n<meta name=\"description\" content=\"Pour boire sans alcool mais avec plaisir! Bi\u00e8re blanche bio de la brasserie Edmond. Livraison gratuite, sur Toulouse et sa proche agglom\u00e9ration.\" \/>\n<meta name=\"robots\" content=\"index, follow, max-snippet:-1, max-image-preview:large, max-video-preview:-1\" \/>\n<link rel=\"canonical\" href=\"https:\/\/www.lapero.shop\/index.php\/produit\/edmond-blanche\/\" \/>\n<meta property=\"og:locale\" content=\"fr_FR\" \/>\n<meta property=\"og:type\" content=\"article\" \/>\n<meta property=\"og:title\" content=\"Bi\u00e8re Blanche Bio - Edmond - L&#039;ap\u00e9ro.shop\" \/>\n<meta property=\"og:description\" content=\"Pour boire sans alcool mais avec plaisir! Bi\u00e8re blanche bio de la brasserie Edmond. Livraison gratuite, sur Toulouse et sa proche agglom\u00e9ration.\" \/>\n<meta property=\"og:url\" content=\"https:\/\/www.lapero.shop\/index.php\/produit\/edmond-blanche\/\" \/>\n<meta property=\"og:site_name\" content=\"L&#039;ap\u00e9ro\" \/>\n<meta property=\"article:modified_time\" content=\"2026-03-11T15:27:52+00:00\" \/>\n<meta property=\"og:image\" content=\"https:\/\/www.lapero.shop\/wp-content\/uploads\/2024\/04\/Edmond_blanche-1.webp\" \/>\n\t<meta property=\"og:image:width\" content=\"575\" \/>\n\t<meta property=\"og:image:height\" content=\"863\" \/>\n\t<meta property=\"og:image:type\" content=\"image\/webp\" \/>\n<meta name=\"twitter:card\" content=\"summary_large_image\" \/>\n<meta name=\"twitter:label1\" content=\"Dur\u00e9e de lecture estim\u00e9e\" \/>\n\t<meta name=\"twitter:data1\" content=\"1 minute\" \/>\n<script type=\"application\/ld+json\" class=\"yoast-schema-graph\">{\"@context\":\"https:\\\/\\\/schema.org\",\"@graph\":[{\"@type\":\"WebPage\",\"@id\":\"https:\\\/\\\/www.lapero.shop\\\/index.php\\\/produit\\\/edmond-blanche\\\/\",\"url\":\"https:\\\/\\\/www.lapero.shop\\\/index.php\\\/produit\\\/edmond-blanche\\\/\",\"name\":\"Bi\u00e8re Blanche Bio - Edmond - L&#039;ap\u00e9ro.shop\",\"isPartOf\":{\"@id\":\"https:\\\/\\\/www.lapero.shop\\\/#website\"},\"primaryImageOfPage\":{\"@id\":\"https:\\\/\\\/www.lapero.shop\\\/index.php\\\/produit\\\/edmond-blanche\\\/#primaryimage\"},\"image\":{\"@id\":\"https:\\\/\\\/www.lapero.shop\\\/index.php\\\/produit\\\/edmond-blanche\\\/#primaryimage\"},\"thumbnailUrl\":\"https:\\\/\\\/www.lapero.shop\\\/wp-content\\\/uploads\\\/2024\\\/04\\\/Edmond_blanche-1.webp\",\"datePublished\":\"2024-04-29T14:17:25+00:00\",\"dateModified\":\"2026-03-11T15:27:52+00:00\",\"description\":\"Pour boire sans alcool mais avec plaisir! Bi\u00e8re blanche bio de la brasserie Edmond. Livraison gratuite, sur Toulouse et sa proche agglom\u00e9ration.\",\"breadcrumb\":{\"@id\":\"https:\\\/\\\/www.lapero.shop\\\/index.php\\\/produit\\\/edmond-blanche\\\/#breadcrumb\"},\"inLanguage\":\"fr-FR\",\"potentialAction\":[{\"@type\":\"ReadAction\",\"target\":[\"https:\\\/\\\/www.lapero.shop\\\/index.php\\\/produit\\\/edmond-blanche\\\/\"]}]},{\"@type\":\"ImageObject\",\"inLanguage\":\"fr-FR\",\"@id\":\"https:\\\/\\\/www.lapero.shop\\\/index.php\\\/produit\\\/edmond-blanche\\\/#primaryimage\",\"url\":\"https:\\\/\\\/www.lapero.shop\\\/wp-content\\\/uploads\\\/2024\\\/04\\\/Edmond_blanche-1.webp\",\"contentUrl\":\"https:\\\/\\\/www.lapero.shop\\\/wp-content\\\/uploads\\\/2024\\\/04\\\/Edmond_blanche-1.webp\",\"width\":575,\"height\":863},{\"@type\":\"BreadcrumbList\",\"@id\":\"https:\\\/\\\/www.lapero.shop\\\/index.php\\\/produit\\\/edmond-blanche\\\/#breadcrumb\",\"itemListElement\":[{\"@type\":\"ListItem\",\"position\":1,\"name\":\"Accueil\",\"item\":\"https:\\\/\\\/www.lapero.shop\\\/\"},{\"@type\":\"ListItem\",\"position\":2,\"name\":\"Boutique\",\"item\":\"https:\\\/\\\/www.lapero.shop\\\/index.php\\\/boutique\\\/\"},{\"@type\":\"ListItem\",\"position\":3,\"name\":\"Bi\u00e8re Blanche Bio &#8211; Edmond\"}]},{\"@type\":\"WebSite\",\"@id\":\"https:\\\/\\\/www.lapero.shop\\\/#website\",\"url\":\"https:\\\/\\\/www.lapero.shop\\\/\",\"name\":\"L&#039;ap\u00e9ro\",\"description\":\"Boissons festives sans alcool\",\"publisher\":{\"@id\":\"https:\\\/\\\/www.lapero.shop\\\/#organization\"},\"potentialAction\":[{\"@type\":\"SearchAction\",\"target\":{\"@type\":\"EntryPoint\",\"urlTemplate\":\"https:\\\/\\\/www.lapero.shop\\\/?s={search_term_string}\"},\"query-input\":{\"@type\":\"PropertyValueSpecification\",\"valueRequired\":true,\"valueName\":\"search_term_string\"}}],\"inLanguage\":\"fr-FR\"},{\"@type\":\"Organization\",\"@id\":\"https:\\\/\\\/www.lapero.shop\\\/#organization\",\"name\":\"L&#039;ap\u00e9ro\",\"url\":\"https:\\\/\\\/www.lapero.shop\\\/\",\"logo\":{\"@type\":\"ImageObject\",\"inLanguage\":\"fr-FR\",\"@id\":\"https:\\\/\\\/www.lapero.shop\\\/#\\\/schema\\\/logo\\\/image\\\/\",\"url\":\"https:\\\/\\\/www.lapero.shop\\\/wp-content\\\/uploads\\\/2024\\\/03\\\/cropped-logo_Lapero.shop_small.png\",\"contentUrl\":\"https:\\\/\\\/www.lapero.shop\\\/wp-content\\\/uploads\\\/2024\\\/03\\\/cropped-logo_Lapero.shop_small.png\",\"width\":1276,\"height\":332,\"caption\":\"L&#039;ap\u00e9ro\"},\"image\":{\"@id\":\"https:\\\/\\\/www.lapero.shop\\\/#\\\/schema\\\/logo\\\/image\\\/\"}}]}<\/script>\n<!-- \/ Yoast SEO plugin. -->","yoast_head_json":{"title":"Bi\u00e8re Blanche Bio - Edmond - L&#039;ap\u00e9ro.shop","description":"Pour boire sans alcool mais avec plaisir! Bi\u00e8re blanche bio de la brasserie Edmond. Livraison gratuite, sur Toulouse et sa proche agglom\u00e9ration.","robots":{"index":"index","follow":"follow","max-snippet":"max-snippet:-1","max-image-preview":"max-image-preview:large","max-video-preview":"max-video-preview:-1"},"canonical":"https:\/\/www.lapero.shop\/index.php\/produit\/edmond-blanche\/","og_locale":"fr_FR","og_type":"article","og_title":"Bi\u00e8re Blanche Bio - Edmond - L&#039;ap\u00e9ro.shop","og_description":"Pour boire sans alcool mais avec plaisir! Bi\u00e8re blanche bio de la brasserie Edmond. Livraison gratuite, sur Toulouse et sa proche agglom\u00e9ration.","og_url":"https:\/\/www.lapero.shop\/index.php\/produit\/edmond-blanche\/","og_site_name":"L&#039;ap\u00e9ro","article_modified_time":"2026-03-11T15:27:52+00:00","og_image":[{"width":575,"height":863,"url":"https:\/\/www.lapero.shop\/wp-content\/uploads\/2024\/04\/Edmond_blanche-1.webp","type":"image\/webp"}],"twitter_card":"summary_large_image","twitter_misc":{"Dur\u00e9e de lecture estim\u00e9e":"1 minute"},"schema":{"@context":"https:\/\/schema.org","@graph":[{"@type":"WebPage","@id":"https:\/\/www.lapero.shop\/index.php\/produit\/edmond-blanche\/","url":"https:\/\/www.lapero.shop\/index.php\/produit\/edmond-blanche\/","name":"Bi\u00e8re Blanche Bio - Edmond - L&#039;ap\u00e9ro.shop","isPartOf":{"@id":"https:\/\/www.lapero.shop\/#website"},"primaryImageOfPage":{"@id":"https:\/\/www.lapero.shop\/index.php\/produit\/edmond-blanche\/#primaryimage"},"image":{"@id":"https:\/\/www.lapero.shop\/index.php\/produit\/edmond-blanche\/#primaryimage"},"thumbnailUrl":"https:\/\/www.lapero.shop\/wp-content\/uploads\/2024\/04\/Edmond_blanche-1.webp","datePublished":"2024-04-29T14:17:25+00:00","dateModified":"2026-03-11T15:27:52+00:00","description":"Pour boire sans alcool mais avec plaisir! Bi\u00e8re blanche bio de la brasserie Edmond. Livraison gratuite, sur Toulouse et sa proche agglom\u00e9ration.","breadcrumb":{"@id":"https:\/\/www.lapero.shop\/index.php\/produit\/edmond-blanche\/#breadcrumb"},"inLanguage":"fr-FR","potentialAction":[{"@type":"ReadAction","target":["https:\/\/www.lapero.shop\/index.php\/produit\/edmond-blanche\/"]}]},{"@type":"ImageObject","inLanguage":"fr-FR","@id":"https:\/\/www.lapero.shop\/index.php\/produit\/edmond-blanche\/#primaryimage","url":"https:\/\/www.lapero.shop\/wp-content\/uploads\/2024\/04\/Edmond_blanche-1.webp","contentUrl":"https:\/\/www.lapero.shop\/wp-content\/uploads\/2024\/04\/Edmond_blanche-1.webp","width":575,"height":863},{"@type":"BreadcrumbList","@id":"https:\/\/www.lapero.shop\/index.php\/produit\/edmond-blanche\/#breadcrumb","itemListElement":[{"@type":"ListItem","position":1,"name":"Accueil","item":"https:\/\/www.lapero.shop\/"},{"@type":"ListItem","position":2,"name":"Boutique","item":"https:\/\/www.lapero.shop\/index.php\/boutique\/"},{"@type":"ListItem","position":3,"name":"Bi\u00e8re Blanche Bio &#8211; Edmond"}]},{"@type":"WebSite","@id":"https:\/\/www.lapero.shop\/#website","url":"https:\/\/www.lapero.shop\/","name":"L&#039;ap\u00e9ro","description":"Boissons festives sans alcool","publisher":{"@id":"https:\/\/www.lapero.shop\/#organization"},"potentialAction":[{"@type":"SearchAction","target":{"@type":"EntryPoint","urlTemplate":"https:\/\/www.lapero.shop\/?s={search_term_string}"},"query-input":{"@type":"PropertyValueSpecification","valueRequired":true,"valueName":"search_term_string"}}],"inLanguage":"fr-FR"},{"@type":"Organization","@id":"https:\/\/www.lapero.shop\/#organization","name":"L&#039;ap\u00e9ro","url":"https:\/\/www.lapero.shop\/","logo":{"@type":"ImageObject","inLanguage":"fr-FR","@id":"https:\/\/www.lapero.shop\/#\/schema\/logo\/image\/","url":"https:\/\/www.lapero.shop\/wp-content\/uploads\/2024\/03\/cropped-logo_Lapero.shop_small.png","contentUrl":"https:\/\/www.lapero.shop\/wp-content\/uploads\/2024\/03\/cropped-logo_Lapero.shop_small.png","width":1276,"height":332,"caption":"L&#039;ap\u00e9ro"},"image":{"@id":"https:\/\/www.lapero.shop\/#\/schema\/logo\/image\/"}}]}},"jetpack_sharing_enabled":true,"_links":{"self":[{"href":"https:\/\/www.lapero.shop\/index.php\/wp-json\/wp\/v2\/product\/203","targetHints":{"allow":["GET"]}}],"collection":[{"href":"https:\/\/www.lapero.shop\/index.php\/wp-json\/wp\/v2\/product"}],"about":[{"href":"https:\/\/www.lapero.shop\/index.php\/wp-json\/wp\/v2\/types\/product"}],"replies":[{"embeddable":true,"href":"https:\/\/www.lapero.shop\/index.php\/wp-json\/wp\/v2\/comments?post=203"}],"wp:featuredmedia":[{"embeddable":true,"href":"https:\/\/www.lapero.shop\/index.php\/wp-json\/wp\/v2\/media\/202"}],"wp:attachment":[{"href":"https:\/\/www.lapero.shop\/index.php\/wp-json\/wp\/v2\/media?parent=203"}],"wp:term":[{"taxonomy":"product_brand","embeddable":true,"href":"https:\/\/www.lapero.shop\/index.php\/wp-json\/wp\/v2\/product_brand?post=203"},{"taxonomy":"product_cat","embeddable":true,"href":"https:\/\/www.lapero.shop\/index.php\/wp-json\/wp\/v2\/product_cat?post=203"},{"taxonomy":"product_tag","embeddable":true,"href":"https:\/\/www.lapero.shop\/index.php\/wp-json\/wp\/v2\/product_tag?post=203"}],"curies":[{"name":"wp","href":"https:\/\/api.w.org\/{rel}","templated":true}]}}