{"id":230,"date":"2024-06-16T15:16:33","date_gmt":"2024-06-16T13:16:33","guid":{"rendered":"https:\/\/www.lapero.shop\/?post_type=product&#038;p=230"},"modified":"2024-06-16T15:35:07","modified_gmt":"2024-06-16T13:35:07","slug":"orange-spritz","status":"publish","type":"product","link":"https:\/\/www.lapero.shop\/index.php\/produit\/orange-spritz\/","title":{"rendered":"Orange Spritz 740 ml"},"content":{"rendered":"<p>Vous serez bluff\u00e9s par Orange Spritz, un spiritueux \u00e0 la couleur vive et au notes d&rsquo;oranges, parfait pour r\u00e9aliser des cocktails gourmands sans alcool.<\/p>\n<div class=\"additionalinfoproduct\">\n<div class=\"descproductinfo\">\n<div>\n<div class=\"descproductinfo\">Avec du tonic ou un <a href=\"https:\/\/www.lapero.shop\/index.php\/produit\/blanc-blanc-beret\/\">Blanc de Blancs sans alcool<\/a>, testez-le \u00e0 l\u2019aveugle et retrouvez le go\u00fbt de Spritz original!<\/div>\n<div class=\"descproductinfo\"><\/div>\n<\/div>\n<div class=\"descproductinfo\">L\u2019Orange Spritz, c\u2019est le cocktail de toutes les saisons qui vous fera voyager en Italie.<\/div>\n<\/div>\n<\/div>\n<div class=\"additionalinfoproduct\">\n<div class=\"descproductinfo\">\n<div class=\"descproductinfo\">\n<div class=\"descproductinfo\">\n<div class=\"descproductinfo\">\n<div class=\"descproductinfo\">Une exp\u00e9rience gustative aux notes bois\u00e9es. La canne \u00e0 sucre apporte \u00e0 ce spiritueux sans alcool toute la gourmandise n\u00e9cessaire. Vous d\u00e9couvrirez en bouche la douceur de la canne \u00e0 sucre et la chaleur du ch\u00eane.<\/div>\n<div><\/div>\n<div class=\"descproductinfo\">Surprenez vos invit\u00e9s en proposant une alternative originale !<\/div>\n<\/div>\n<\/div>\n<\/div>\n<\/div>\n<\/div>\n<p>Servir tr\u00e8s frais avec des gla\u00e7ons. Apr\u00e8s ouverture \u00e0 consommer dans les 3 mois et \u00e0 conserver au frais. Vendu \u00e0 la bouteille de 74cl.<\/p>\n<p>Fabrication fran\u00e7aise pr\u00e8s de B\u00e9ziers.<\/p>\n<p>Energie : 678Kj \/ 160Kcal.<\/p>\n","protected":false},"excerpt":{"rendered":"<p>Spiritueux Orange Spritz 74 cl.<\/p>\n","protected":false},"featured_media":234,"comment_status":"open","ping_status":"closed","template":"","meta":[],"product_brand":[],"product_cat":[19],"product_tag":[30],"class_list":{"0":"post-230","1":"product","2":"type-product","3":"status-publish","4":"has-post-thumbnail","6":"product_cat-cocktails","7":"product_tag-coup-de-coeur","9":"first","10":"instock","11":"shipping-taxable","12":"purchasable","13":"product-type-simple"},"yoast_head":"<!-- This site is optimized with the Yoast SEO plugin v27.4 - https:\/\/yoast.com\/product\/yoast-seo-wordpress\/ -->\n<title>Orange Spritz 740 ml - L&#039;ap\u00e9ro<\/title>\n<meta name=\"description\" content=\"Pour boire sans alcool mais avec plaisir! Spiritueux Orange Spritz aux saveurs de l&#039;Italie. Livraisons gratuites, sur Toulouse et proche agglom\u00e9ration.\" \/>\n<meta name=\"robots\" content=\"index, follow, max-snippet:-1, max-image-preview:large, max-video-preview:-1\" \/>\n<link rel=\"canonical\" href=\"https:\/\/www.lapero.shop\/index.php\/produit\/orange-spritz\/\" \/>\n<meta property=\"og:locale\" content=\"fr_FR\" \/>\n<meta property=\"og:type\" content=\"article\" \/>\n<meta property=\"og:title\" content=\"Orange Spritz 740 ml - L&#039;ap\u00e9ro\" \/>\n<meta property=\"og:description\" content=\"Pour boire sans alcool mais avec plaisir! Spiritueux Orange Spritz aux saveurs de l&#039;Italie. Livraisons gratuites, sur Toulouse et proche agglom\u00e9ration.\" \/>\n<meta property=\"og:url\" content=\"https:\/\/www.lapero.shop\/index.php\/produit\/orange-spritz\/\" \/>\n<meta property=\"og:site_name\" content=\"L&#039;ap\u00e9ro\" \/>\n<meta property=\"article:modified_time\" content=\"2024-06-16T13:35:07+00:00\" \/>\n<meta property=\"og:image\" content=\"https:\/\/www.lapero.shop\/wp-content\/uploads\/2024\/06\/Orange_Spritz_web.png\" \/>\n\t<meta property=\"og:image:width\" content=\"1200\" \/>\n\t<meta property=\"og:image:height\" content=\"1200\" \/>\n\t<meta property=\"og:image:type\" content=\"image\/png\" \/>\n<meta name=\"twitter:card\" content=\"summary_large_image\" \/>\n<meta name=\"twitter:label1\" content=\"Dur\u00e9e de lecture estim\u00e9e\" \/>\n\t<meta name=\"twitter:data1\" content=\"1 minute\" \/>\n<script type=\"application\/ld+json\" class=\"yoast-schema-graph\">{\"@context\":\"https:\\\/\\\/schema.org\",\"@graph\":[{\"@type\":\"WebPage\",\"@id\":\"https:\\\/\\\/www.lapero.shop\\\/index.php\\\/produit\\\/orange-spritz\\\/\",\"url\":\"https:\\\/\\\/www.lapero.shop\\\/index.php\\\/produit\\\/orange-spritz\\\/\",\"name\":\"Orange Spritz 740 ml - L&#039;ap\u00e9ro\",\"isPartOf\":{\"@id\":\"https:\\\/\\\/www.lapero.shop\\\/#website\"},\"primaryImageOfPage\":{\"@id\":\"https:\\\/\\\/www.lapero.shop\\\/index.php\\\/produit\\\/orange-spritz\\\/#primaryimage\"},\"image\":{\"@id\":\"https:\\\/\\\/www.lapero.shop\\\/index.php\\\/produit\\\/orange-spritz\\\/#primaryimage\"},\"thumbnailUrl\":\"https:\\\/\\\/www.lapero.shop\\\/wp-content\\\/uploads\\\/2024\\\/06\\\/Orange_Spritz_web.png\",\"datePublished\":\"2024-06-16T13:16:33+00:00\",\"dateModified\":\"2024-06-16T13:35:07+00:00\",\"description\":\"Pour boire sans alcool mais avec plaisir! Spiritueux Orange Spritz aux saveurs de l'Italie. Livraisons gratuites, sur Toulouse et proche agglom\u00e9ration.\",\"breadcrumb\":{\"@id\":\"https:\\\/\\\/www.lapero.shop\\\/index.php\\\/produit\\\/orange-spritz\\\/#breadcrumb\"},\"inLanguage\":\"fr-FR\",\"potentialAction\":[{\"@type\":\"ReadAction\",\"target\":[\"https:\\\/\\\/www.lapero.shop\\\/index.php\\\/produit\\\/orange-spritz\\\/\"]}]},{\"@type\":\"ImageObject\",\"inLanguage\":\"fr-FR\",\"@id\":\"https:\\\/\\\/www.lapero.shop\\\/index.php\\\/produit\\\/orange-spritz\\\/#primaryimage\",\"url\":\"https:\\\/\\\/www.lapero.shop\\\/wp-content\\\/uploads\\\/2024\\\/06\\\/Orange_Spritz_web.png\",\"contentUrl\":\"https:\\\/\\\/www.lapero.shop\\\/wp-content\\\/uploads\\\/2024\\\/06\\\/Orange_Spritz_web.png\",\"width\":1200,\"height\":1200},{\"@type\":\"BreadcrumbList\",\"@id\":\"https:\\\/\\\/www.lapero.shop\\\/index.php\\\/produit\\\/orange-spritz\\\/#breadcrumb\",\"itemListElement\":[{\"@type\":\"ListItem\",\"position\":1,\"name\":\"Accueil\",\"item\":\"https:\\\/\\\/www.lapero.shop\\\/\"},{\"@type\":\"ListItem\",\"position\":2,\"name\":\"Boutique\",\"item\":\"https:\\\/\\\/www.lapero.shop\\\/index.php\\\/boutique\\\/\"},{\"@type\":\"ListItem\",\"position\":3,\"name\":\"Orange Spritz 740 ml\"}]},{\"@type\":\"WebSite\",\"@id\":\"https:\\\/\\\/www.lapero.shop\\\/#website\",\"url\":\"https:\\\/\\\/www.lapero.shop\\\/\",\"name\":\"L&#039;ap\u00e9ro\",\"description\":\"Boissons festives sans alcool\",\"publisher\":{\"@id\":\"https:\\\/\\\/www.lapero.shop\\\/#organization\"},\"potentialAction\":[{\"@type\":\"SearchAction\",\"target\":{\"@type\":\"EntryPoint\",\"urlTemplate\":\"https:\\\/\\\/www.lapero.shop\\\/?s={search_term_string}\"},\"query-input\":{\"@type\":\"PropertyValueSpecification\",\"valueRequired\":true,\"valueName\":\"search_term_string\"}}],\"inLanguage\":\"fr-FR\"},{\"@type\":\"Organization\",\"@id\":\"https:\\\/\\\/www.lapero.shop\\\/#organization\",\"name\":\"L&#039;ap\u00e9ro\",\"url\":\"https:\\\/\\\/www.lapero.shop\\\/\",\"logo\":{\"@type\":\"ImageObject\",\"inLanguage\":\"fr-FR\",\"@id\":\"https:\\\/\\\/www.lapero.shop\\\/#\\\/schema\\\/logo\\\/image\\\/\",\"url\":\"https:\\\/\\\/www.lapero.shop\\\/wp-content\\\/uploads\\\/2024\\\/03\\\/cropped-logo_Lapero.shop_small.png\",\"contentUrl\":\"https:\\\/\\\/www.lapero.shop\\\/wp-content\\\/uploads\\\/2024\\\/03\\\/cropped-logo_Lapero.shop_small.png\",\"width\":1276,\"height\":332,\"caption\":\"L&#039;ap\u00e9ro\"},\"image\":{\"@id\":\"https:\\\/\\\/www.lapero.shop\\\/#\\\/schema\\\/logo\\\/image\\\/\"}}]}<\/script>\n<!-- \/ Yoast SEO plugin. -->","yoast_head_json":{"title":"Orange Spritz 740 ml - L&#039;ap\u00e9ro","description":"Pour boire sans alcool mais avec plaisir! Spiritueux Orange Spritz aux saveurs de l'Italie. Livraisons gratuites, sur Toulouse et proche agglom\u00e9ration.","robots":{"index":"index","follow":"follow","max-snippet":"max-snippet:-1","max-image-preview":"max-image-preview:large","max-video-preview":"max-video-preview:-1"},"canonical":"https:\/\/www.lapero.shop\/index.php\/produit\/orange-spritz\/","og_locale":"fr_FR","og_type":"article","og_title":"Orange Spritz 740 ml - L&#039;ap\u00e9ro","og_description":"Pour boire sans alcool mais avec plaisir! Spiritueux Orange Spritz aux saveurs de l'Italie. Livraisons gratuites, sur Toulouse et proche agglom\u00e9ration.","og_url":"https:\/\/www.lapero.shop\/index.php\/produit\/orange-spritz\/","og_site_name":"L&#039;ap\u00e9ro","article_modified_time":"2024-06-16T13:35:07+00:00","og_image":[{"width":1200,"height":1200,"url":"https:\/\/www.lapero.shop\/wp-content\/uploads\/2024\/06\/Orange_Spritz_web.png","type":"image\/png"}],"twitter_card":"summary_large_image","twitter_misc":{"Dur\u00e9e de lecture estim\u00e9e":"1 minute"},"schema":{"@context":"https:\/\/schema.org","@graph":[{"@type":"WebPage","@id":"https:\/\/www.lapero.shop\/index.php\/produit\/orange-spritz\/","url":"https:\/\/www.lapero.shop\/index.php\/produit\/orange-spritz\/","name":"Orange Spritz 740 ml - L&#039;ap\u00e9ro","isPartOf":{"@id":"https:\/\/www.lapero.shop\/#website"},"primaryImageOfPage":{"@id":"https:\/\/www.lapero.shop\/index.php\/produit\/orange-spritz\/#primaryimage"},"image":{"@id":"https:\/\/www.lapero.shop\/index.php\/produit\/orange-spritz\/#primaryimage"},"thumbnailUrl":"https:\/\/www.lapero.shop\/wp-content\/uploads\/2024\/06\/Orange_Spritz_web.png","datePublished":"2024-06-16T13:16:33+00:00","dateModified":"2024-06-16T13:35:07+00:00","description":"Pour boire sans alcool mais avec plaisir! Spiritueux Orange Spritz aux saveurs de l'Italie. Livraisons gratuites, sur Toulouse et proche agglom\u00e9ration.","breadcrumb":{"@id":"https:\/\/www.lapero.shop\/index.php\/produit\/orange-spritz\/#breadcrumb"},"inLanguage":"fr-FR","potentialAction":[{"@type":"ReadAction","target":["https:\/\/www.lapero.shop\/index.php\/produit\/orange-spritz\/"]}]},{"@type":"ImageObject","inLanguage":"fr-FR","@id":"https:\/\/www.lapero.shop\/index.php\/produit\/orange-spritz\/#primaryimage","url":"https:\/\/www.lapero.shop\/wp-content\/uploads\/2024\/06\/Orange_Spritz_web.png","contentUrl":"https:\/\/www.lapero.shop\/wp-content\/uploads\/2024\/06\/Orange_Spritz_web.png","width":1200,"height":1200},{"@type":"BreadcrumbList","@id":"https:\/\/www.lapero.shop\/index.php\/produit\/orange-spritz\/#breadcrumb","itemListElement":[{"@type":"ListItem","position":1,"name":"Accueil","item":"https:\/\/www.lapero.shop\/"},{"@type":"ListItem","position":2,"name":"Boutique","item":"https:\/\/www.lapero.shop\/index.php\/boutique\/"},{"@type":"ListItem","position":3,"name":"Orange Spritz 740 ml"}]},{"@type":"WebSite","@id":"https:\/\/www.lapero.shop\/#website","url":"https:\/\/www.lapero.shop\/","name":"L&#039;ap\u00e9ro","description":"Boissons festives sans alcool","publisher":{"@id":"https:\/\/www.lapero.shop\/#organization"},"potentialAction":[{"@type":"SearchAction","target":{"@type":"EntryPoint","urlTemplate":"https:\/\/www.lapero.shop\/?s={search_term_string}"},"query-input":{"@type":"PropertyValueSpecification","valueRequired":true,"valueName":"search_term_string"}}],"inLanguage":"fr-FR"},{"@type":"Organization","@id":"https:\/\/www.lapero.shop\/#organization","name":"L&#039;ap\u00e9ro","url":"https:\/\/www.lapero.shop\/","logo":{"@type":"ImageObject","inLanguage":"fr-FR","@id":"https:\/\/www.lapero.shop\/#\/schema\/logo\/image\/","url":"https:\/\/www.lapero.shop\/wp-content\/uploads\/2024\/03\/cropped-logo_Lapero.shop_small.png","contentUrl":"https:\/\/www.lapero.shop\/wp-content\/uploads\/2024\/03\/cropped-logo_Lapero.shop_small.png","width":1276,"height":332,"caption":"L&#039;ap\u00e9ro"},"image":{"@id":"https:\/\/www.lapero.shop\/#\/schema\/logo\/image\/"}}]}},"jetpack_sharing_enabled":true,"_links":{"self":[{"href":"https:\/\/www.lapero.shop\/index.php\/wp-json\/wp\/v2\/product\/230","targetHints":{"allow":["GET"]}}],"collection":[{"href":"https:\/\/www.lapero.shop\/index.php\/wp-json\/wp\/v2\/product"}],"about":[{"href":"https:\/\/www.lapero.shop\/index.php\/wp-json\/wp\/v2\/types\/product"}],"replies":[{"embeddable":true,"href":"https:\/\/www.lapero.shop\/index.php\/wp-json\/wp\/v2\/comments?post=230"}],"wp:featuredmedia":[{"embeddable":true,"href":"https:\/\/www.lapero.shop\/index.php\/wp-json\/wp\/v2\/media\/234"}],"wp:attachment":[{"href":"https:\/\/www.lapero.shop\/index.php\/wp-json\/wp\/v2\/media?parent=230"}],"wp:term":[{"taxonomy":"product_brand","embeddable":true,"href":"https:\/\/www.lapero.shop\/index.php\/wp-json\/wp\/v2\/product_brand?post=230"},{"taxonomy":"product_cat","embeddable":true,"href":"https:\/\/www.lapero.shop\/index.php\/wp-json\/wp\/v2\/product_cat?post=230"},{"taxonomy":"product_tag","embeddable":true,"href":"https:\/\/www.lapero.shop\/index.php\/wp-json\/wp\/v2\/product_tag?post=230"}],"curies":[{"name":"wp","href":"https:\/\/api.w.org\/{rel}","templated":true}]}}