{"id":245,"date":"2024-08-25T18:53:06","date_gmt":"2024-08-25T16:53:06","guid":{"rendered":"https:\/\/www.lapero.shop\/?post_type=product&#038;p=245"},"modified":"2024-08-25T19:13:08","modified_gmt":"2024-08-25T17:13:08","slug":"jardins-sureau","status":"publish","type":"product","link":"https:\/\/www.lapero.shop\/index.php\/produit\/jardins-sureau\/","title":{"rendered":"Base de cocktails Jardins Fleurs de Sureau et Bergamote &#8211; 700 ml"},"content":{"rendered":"<p>Coup de coeur pour les base de cocktails de la Maison Jardins Suspendus, qui produit en bio en Touraine des recettes \u00e0 base de produits naturels bluffantes!<\/p>\n<p>La recette \u00ab\u00a0Fleur de Sureau et Bergamote\u00a0\u00bb est incroyable. Elle a un c\u00f4t\u00e9 rond et sucr\u00e9 qui sent bon la bergamote et le sureau, et pourtant elle est tr\u00e8s faible en sucre, moins de 2,5%!<\/p>\n<p>Elle permet de r\u00e9aliser de nombreux cocktails tr\u00e8s simples \u00e0 r\u00e9aliser. Notre cocktail pr\u00e9f\u00e9r\u00e9: 40 ml de Jardins Fleurs de Sureau Bergamote, 40 ml d&rsquo;eau bien fra\u00eeche et 20 ml de jus de citron vert. Inratable, avec des ingr\u00e9dients faciles \u00e0 trouver, et marche \u00e0 tous les coups!<\/p>\n<p>Pour nous, un vrai coup de coeur!<\/p>\n<p>Permet de servir 15 \u00e0 20 cocktails.<\/p>\n<p>Fabrication fran\u00e7aise bio en Touraine.<\/p>\n<p>Une fois ouvert, se conserve au frigo au minimum 6 semaines.<\/p>\n","protected":false},"excerpt":{"rendered":"<p>Jardins Suspendus Fleur de Sureau et Bergamote, 700 ml.<\/p>\n","protected":false},"featured_media":247,"comment_status":"open","ping_status":"closed","template":"","meta":[],"product_brand":[],"product_cat":[19],"product_tag":[30],"class_list":{"0":"post-245","1":"product","2":"type-product","3":"status-publish","4":"has-post-thumbnail","6":"product_cat-cocktails","7":"product_tag-coup-de-coeur","9":"first","10":"instock","11":"shipping-taxable","12":"purchasable","13":"product-type-simple"},"yoast_head":"<!-- This site is optimized with the Yoast SEO plugin v27.3 - https:\/\/yoast.com\/product\/yoast-seo-wordpress\/ -->\n<title>Base de cocktails Jardins Fleurs de Sureau et Bergamote - 700 ml - L&#039;ap\u00e9ro.shop<\/title>\n<meta name=\"description\" content=\"Pour boire sans alcool mais avec plaisir! Base de cocktail Jardins Fleurs de Sureau et Bergamote. Livraisons gratuites, sur Toulouse et proche agglom\u00e9ration.\" \/>\n<meta name=\"robots\" content=\"index, follow, max-snippet:-1, max-image-preview:large, max-video-preview:-1\" \/>\n<link rel=\"canonical\" href=\"https:\/\/www.lapero.shop\/index.php\/produit\/jardins-sureau\/\" \/>\n<meta property=\"og:locale\" content=\"fr_FR\" \/>\n<meta property=\"og:type\" content=\"article\" \/>\n<meta property=\"og:title\" content=\"Base de cocktails Jardins Fleurs de Sureau et Bergamote - 700 ml - L&#039;ap\u00e9ro.shop\" \/>\n<meta property=\"og:description\" content=\"Pour boire sans alcool mais avec plaisir! Base de cocktail Jardins Fleurs de Sureau et Bergamote. Livraisons gratuites, sur Toulouse et proche agglom\u00e9ration.\" \/>\n<meta property=\"og:url\" content=\"https:\/\/www.lapero.shop\/index.php\/produit\/jardins-sureau\/\" \/>\n<meta property=\"og:site_name\" content=\"L&#039;ap\u00e9ro\" \/>\n<meta property=\"article:modified_time\" content=\"2024-08-25T17:13:08+00:00\" \/>\n<meta property=\"og:image\" content=\"https:\/\/www.lapero.shop\/wp-content\/uploads\/2024\/08\/jardins_sureau.webp\" \/>\n\t<meta property=\"og:image:width\" content=\"1000\" \/>\n\t<meta property=\"og:image:height\" content=\"1000\" \/>\n\t<meta property=\"og:image:type\" content=\"image\/webp\" \/>\n<meta name=\"twitter:card\" content=\"summary_large_image\" \/>\n<meta name=\"twitter:label1\" content=\"Dur\u00e9e de lecture estim\u00e9e\" \/>\n\t<meta name=\"twitter:data1\" content=\"1 minute\" \/>\n<script type=\"application\/ld+json\" class=\"yoast-schema-graph\">{\"@context\":\"https:\\\/\\\/schema.org\",\"@graph\":[{\"@type\":\"WebPage\",\"@id\":\"https:\\\/\\\/www.lapero.shop\\\/index.php\\\/produit\\\/jardins-sureau\\\/\",\"url\":\"https:\\\/\\\/www.lapero.shop\\\/index.php\\\/produit\\\/jardins-sureau\\\/\",\"name\":\"Base de cocktails Jardins Fleurs de Sureau et Bergamote - 700 ml - L&#039;ap\u00e9ro.shop\",\"isPartOf\":{\"@id\":\"https:\\\/\\\/www.lapero.shop\\\/#website\"},\"primaryImageOfPage\":{\"@id\":\"https:\\\/\\\/www.lapero.shop\\\/index.php\\\/produit\\\/jardins-sureau\\\/#primaryimage\"},\"image\":{\"@id\":\"https:\\\/\\\/www.lapero.shop\\\/index.php\\\/produit\\\/jardins-sureau\\\/#primaryimage\"},\"thumbnailUrl\":\"https:\\\/\\\/www.lapero.shop\\\/wp-content\\\/uploads\\\/2024\\\/08\\\/jardins_sureau.webp\",\"datePublished\":\"2024-08-25T16:53:06+00:00\",\"dateModified\":\"2024-08-25T17:13:08+00:00\",\"description\":\"Pour boire sans alcool mais avec plaisir! Base de cocktail Jardins Fleurs de Sureau et Bergamote. Livraisons gratuites, sur Toulouse et proche agglom\u00e9ration.\",\"breadcrumb\":{\"@id\":\"https:\\\/\\\/www.lapero.shop\\\/index.php\\\/produit\\\/jardins-sureau\\\/#breadcrumb\"},\"inLanguage\":\"fr-FR\",\"potentialAction\":[{\"@type\":\"ReadAction\",\"target\":[\"https:\\\/\\\/www.lapero.shop\\\/index.php\\\/produit\\\/jardins-sureau\\\/\"]}]},{\"@type\":\"ImageObject\",\"inLanguage\":\"fr-FR\",\"@id\":\"https:\\\/\\\/www.lapero.shop\\\/index.php\\\/produit\\\/jardins-sureau\\\/#primaryimage\",\"url\":\"https:\\\/\\\/www.lapero.shop\\\/wp-content\\\/uploads\\\/2024\\\/08\\\/jardins_sureau.webp\",\"contentUrl\":\"https:\\\/\\\/www.lapero.shop\\\/wp-content\\\/uploads\\\/2024\\\/08\\\/jardins_sureau.webp\",\"width\":1000,\"height\":1000},{\"@type\":\"BreadcrumbList\",\"@id\":\"https:\\\/\\\/www.lapero.shop\\\/index.php\\\/produit\\\/jardins-sureau\\\/#breadcrumb\",\"itemListElement\":[{\"@type\":\"ListItem\",\"position\":1,\"name\":\"Accueil\",\"item\":\"https:\\\/\\\/www.lapero.shop\\\/\"},{\"@type\":\"ListItem\",\"position\":2,\"name\":\"Boutique\",\"item\":\"https:\\\/\\\/www.lapero.shop\\\/index.php\\\/boutique\\\/\"},{\"@type\":\"ListItem\",\"position\":3,\"name\":\"Base de cocktails Jardins Fleurs de Sureau et Bergamote &#8211; 700 ml\"}]},{\"@type\":\"WebSite\",\"@id\":\"https:\\\/\\\/www.lapero.shop\\\/#website\",\"url\":\"https:\\\/\\\/www.lapero.shop\\\/\",\"name\":\"L&#039;ap\u00e9ro\",\"description\":\"Boissons festives sans alcool\",\"publisher\":{\"@id\":\"https:\\\/\\\/www.lapero.shop\\\/#organization\"},\"potentialAction\":[{\"@type\":\"SearchAction\",\"target\":{\"@type\":\"EntryPoint\",\"urlTemplate\":\"https:\\\/\\\/www.lapero.shop\\\/?s={search_term_string}\"},\"query-input\":{\"@type\":\"PropertyValueSpecification\",\"valueRequired\":true,\"valueName\":\"search_term_string\"}}],\"inLanguage\":\"fr-FR\"},{\"@type\":\"Organization\",\"@id\":\"https:\\\/\\\/www.lapero.shop\\\/#organization\",\"name\":\"L&#039;ap\u00e9ro\",\"url\":\"https:\\\/\\\/www.lapero.shop\\\/\",\"logo\":{\"@type\":\"ImageObject\",\"inLanguage\":\"fr-FR\",\"@id\":\"https:\\\/\\\/www.lapero.shop\\\/#\\\/schema\\\/logo\\\/image\\\/\",\"url\":\"https:\\\/\\\/www.lapero.shop\\\/wp-content\\\/uploads\\\/2024\\\/03\\\/cropped-logo_Lapero.shop_small.png\",\"contentUrl\":\"https:\\\/\\\/www.lapero.shop\\\/wp-content\\\/uploads\\\/2024\\\/03\\\/cropped-logo_Lapero.shop_small.png\",\"width\":1276,\"height\":332,\"caption\":\"L&#039;ap\u00e9ro\"},\"image\":{\"@id\":\"https:\\\/\\\/www.lapero.shop\\\/#\\\/schema\\\/logo\\\/image\\\/\"}}]}<\/script>\n<!-- \/ Yoast SEO plugin. -->","yoast_head_json":{"title":"Base de cocktails Jardins Fleurs de Sureau et Bergamote - 700 ml - L&#039;ap\u00e9ro.shop","description":"Pour boire sans alcool mais avec plaisir! Base de cocktail Jardins Fleurs de Sureau et Bergamote. Livraisons gratuites, sur Toulouse et proche agglom\u00e9ration.","robots":{"index":"index","follow":"follow","max-snippet":"max-snippet:-1","max-image-preview":"max-image-preview:large","max-video-preview":"max-video-preview:-1"},"canonical":"https:\/\/www.lapero.shop\/index.php\/produit\/jardins-sureau\/","og_locale":"fr_FR","og_type":"article","og_title":"Base de cocktails Jardins Fleurs de Sureau et Bergamote - 700 ml - L&#039;ap\u00e9ro.shop","og_description":"Pour boire sans alcool mais avec plaisir! Base de cocktail Jardins Fleurs de Sureau et Bergamote. Livraisons gratuites, sur Toulouse et proche agglom\u00e9ration.","og_url":"https:\/\/www.lapero.shop\/index.php\/produit\/jardins-sureau\/","og_site_name":"L&#039;ap\u00e9ro","article_modified_time":"2024-08-25T17:13:08+00:00","og_image":[{"width":1000,"height":1000,"url":"https:\/\/www.lapero.shop\/wp-content\/uploads\/2024\/08\/jardins_sureau.webp","type":"image\/webp"}],"twitter_card":"summary_large_image","twitter_misc":{"Dur\u00e9e de lecture estim\u00e9e":"1 minute"},"schema":{"@context":"https:\/\/schema.org","@graph":[{"@type":"WebPage","@id":"https:\/\/www.lapero.shop\/index.php\/produit\/jardins-sureau\/","url":"https:\/\/www.lapero.shop\/index.php\/produit\/jardins-sureau\/","name":"Base de cocktails Jardins Fleurs de Sureau et Bergamote - 700 ml - L&#039;ap\u00e9ro.shop","isPartOf":{"@id":"https:\/\/www.lapero.shop\/#website"},"primaryImageOfPage":{"@id":"https:\/\/www.lapero.shop\/index.php\/produit\/jardins-sureau\/#primaryimage"},"image":{"@id":"https:\/\/www.lapero.shop\/index.php\/produit\/jardins-sureau\/#primaryimage"},"thumbnailUrl":"https:\/\/www.lapero.shop\/wp-content\/uploads\/2024\/08\/jardins_sureau.webp","datePublished":"2024-08-25T16:53:06+00:00","dateModified":"2024-08-25T17:13:08+00:00","description":"Pour boire sans alcool mais avec plaisir! Base de cocktail Jardins Fleurs de Sureau et Bergamote. Livraisons gratuites, sur Toulouse et proche agglom\u00e9ration.","breadcrumb":{"@id":"https:\/\/www.lapero.shop\/index.php\/produit\/jardins-sureau\/#breadcrumb"},"inLanguage":"fr-FR","potentialAction":[{"@type":"ReadAction","target":["https:\/\/www.lapero.shop\/index.php\/produit\/jardins-sureau\/"]}]},{"@type":"ImageObject","inLanguage":"fr-FR","@id":"https:\/\/www.lapero.shop\/index.php\/produit\/jardins-sureau\/#primaryimage","url":"https:\/\/www.lapero.shop\/wp-content\/uploads\/2024\/08\/jardins_sureau.webp","contentUrl":"https:\/\/www.lapero.shop\/wp-content\/uploads\/2024\/08\/jardins_sureau.webp","width":1000,"height":1000},{"@type":"BreadcrumbList","@id":"https:\/\/www.lapero.shop\/index.php\/produit\/jardins-sureau\/#breadcrumb","itemListElement":[{"@type":"ListItem","position":1,"name":"Accueil","item":"https:\/\/www.lapero.shop\/"},{"@type":"ListItem","position":2,"name":"Boutique","item":"https:\/\/www.lapero.shop\/index.php\/boutique\/"},{"@type":"ListItem","position":3,"name":"Base de cocktails Jardins Fleurs de Sureau et Bergamote &#8211; 700 ml"}]},{"@type":"WebSite","@id":"https:\/\/www.lapero.shop\/#website","url":"https:\/\/www.lapero.shop\/","name":"L&#039;ap\u00e9ro","description":"Boissons festives sans alcool","publisher":{"@id":"https:\/\/www.lapero.shop\/#organization"},"potentialAction":[{"@type":"SearchAction","target":{"@type":"EntryPoint","urlTemplate":"https:\/\/www.lapero.shop\/?s={search_term_string}"},"query-input":{"@type":"PropertyValueSpecification","valueRequired":true,"valueName":"search_term_string"}}],"inLanguage":"fr-FR"},{"@type":"Organization","@id":"https:\/\/www.lapero.shop\/#organization","name":"L&#039;ap\u00e9ro","url":"https:\/\/www.lapero.shop\/","logo":{"@type":"ImageObject","inLanguage":"fr-FR","@id":"https:\/\/www.lapero.shop\/#\/schema\/logo\/image\/","url":"https:\/\/www.lapero.shop\/wp-content\/uploads\/2024\/03\/cropped-logo_Lapero.shop_small.png","contentUrl":"https:\/\/www.lapero.shop\/wp-content\/uploads\/2024\/03\/cropped-logo_Lapero.shop_small.png","width":1276,"height":332,"caption":"L&#039;ap\u00e9ro"},"image":{"@id":"https:\/\/www.lapero.shop\/#\/schema\/logo\/image\/"}}]}},"jetpack_sharing_enabled":true,"_links":{"self":[{"href":"https:\/\/www.lapero.shop\/index.php\/wp-json\/wp\/v2\/product\/245","targetHints":{"allow":["GET"]}}],"collection":[{"href":"https:\/\/www.lapero.shop\/index.php\/wp-json\/wp\/v2\/product"}],"about":[{"href":"https:\/\/www.lapero.shop\/index.php\/wp-json\/wp\/v2\/types\/product"}],"replies":[{"embeddable":true,"href":"https:\/\/www.lapero.shop\/index.php\/wp-json\/wp\/v2\/comments?post=245"}],"wp:featuredmedia":[{"embeddable":true,"href":"https:\/\/www.lapero.shop\/index.php\/wp-json\/wp\/v2\/media\/247"}],"wp:attachment":[{"href":"https:\/\/www.lapero.shop\/index.php\/wp-json\/wp\/v2\/media?parent=245"}],"wp:term":[{"taxonomy":"product_brand","embeddable":true,"href":"https:\/\/www.lapero.shop\/index.php\/wp-json\/wp\/v2\/product_brand?post=245"},{"taxonomy":"product_cat","embeddable":true,"href":"https:\/\/www.lapero.shop\/index.php\/wp-json\/wp\/v2\/product_cat?post=245"},{"taxonomy":"product_tag","embeddable":true,"href":"https:\/\/www.lapero.shop\/index.php\/wp-json\/wp\/v2\/product_tag?post=245"}],"curies":[{"name":"wp","href":"https:\/\/api.w.org\/{rel}","templated":true}]}}