{"id":400,"date":"2025-12-23T18:03:38","date_gmt":"2025-12-23T17:03:38","guid":{"rendered":"https:\/\/www.lapero.shop\/?post_type=product&#038;p=400"},"modified":"2025-12-23T18:11:21","modified_gmt":"2025-12-23T17:11:21","slug":"rhum-0-sober-spirits","status":"publish","type":"product","link":"https:\/\/www.lapero.shop\/index.php\/produit\/rhum-0-sober-spirits\/","title":{"rendered":"Rhum 0% Sober Spirits"},"content":{"rendered":"<p>Ma deuxi\u00e8me recette pr\u00e9f\u00e9r\u00e9e de Sober Spirits, l&rsquo;alternative au Rhum sans alcool, \u00e9galement pl\u00e9biscit\u00e9e lors des d\u00e9gustations que j&rsquo;organise!<\/p>\n<p>Comme toute la gamme Sober Spirits, cette alternative au rhum est issue d&rsquo;un v\u00e9ritable rhum fran\u00e7ais des Cara\u00efbes, par extraction de alcool, et a \u00e9t\u00e9 \u00e9lue meilleure alternative au rhum au monde.<\/p>\n<p>Aromatique typique du rhum vieux, l\u00e9g\u00e8rement bois\u00e9e avec des notes de fruits secs caram\u00e9lis\u00e9s et une pointe de vanille.<\/p>\n<p>Id\u00e9al pour tous vos convives, qu&rsquo;ils boivent ou pas de l&rsquo;alcool!<\/p>\n<p>Et toujours 0 sucres comme dans toute la gamme Sober Spirits.<\/p>\n<p>Pour tous vos cocktails, le Sober Spirits R 0% s&rsquo;utilise de la m\u00eame mani\u00e8re et avec le m\u00eame dosage qu&rsquo;un alcool (4 \u00e0 5cl par cocktail).<\/p>\n<p>R\u00e9compens\u00e9 par le prix Non-Alcoholic Spirit of the Year au prestigieux London Spirits competition.<\/p>\n<p>La bouteille de 500 ml permet\u00a0de servir 10 \u00e0 12 cocktails.<\/p>\n<p>Une fois ouvert, se conserve au frigo pendant 6 mois.<\/p>\n","protected":false},"excerpt":{"rendered":"<p>Rhum Alternative 0,0% sans sucre Sober Spirits, 500 ml.<\/p>\n","protected":false},"featured_media":401,"comment_status":"open","ping_status":"closed","template":"","meta":[],"product_brand":[34],"product_cat":[19],"product_tag":[35],"class_list":{"0":"post-400","1":"product","2":"type-product","3":"status-publish","4":"has-post-thumbnail","6":"product_brand-sober-spirits","7":"product_cat-cocktails","8":"product_tag-top-ventes","10":"first","11":"instock","12":"shipping-taxable","13":"purchasable","14":"product-type-simple"},"yoast_head":"<!-- This site is optimized with the Yoast SEO plugin v27.4 - https:\/\/yoast.com\/product\/yoast-seo-wordpress\/ -->\n<title>Rhum 0% Sober Spirits - L&#039;ap\u00e9ro.shop<\/title>\n<meta name=\"description\" content=\"Pour boire sans alcool mais avec plaisir! Alternative au Gin sans alcool et sans sucre. Livraisons gratuites, sur Toulouse et proche agglom\u00e9ration.\" \/>\n<meta name=\"robots\" content=\"index, follow, max-snippet:-1, max-image-preview:large, max-video-preview:-1\" \/>\n<link rel=\"canonical\" href=\"https:\/\/www.lapero.shop\/index.php\/produit\/rhum-0-sober-spirits\/\" \/>\n<meta property=\"og:locale\" content=\"fr_FR\" \/>\n<meta property=\"og:type\" content=\"article\" \/>\n<meta property=\"og:title\" content=\"Rhum 0% Sober Spirits - L&#039;ap\u00e9ro.shop\" \/>\n<meta property=\"og:description\" content=\"Pour boire sans alcool mais avec plaisir! Alternative au Gin sans alcool et sans sucre. Livraisons gratuites, sur Toulouse et proche agglom\u00e9ration.\" \/>\n<meta property=\"og:url\" content=\"https:\/\/www.lapero.shop\/index.php\/produit\/rhum-0-sober-spirits\/\" \/>\n<meta property=\"og:site_name\" content=\"L&#039;ap\u00e9ro\" \/>\n<meta property=\"article:modified_time\" content=\"2025-12-23T17:11:21+00:00\" \/>\n<meta property=\"og:image\" content=\"https:\/\/www.lapero.shop\/wp-content\/uploads\/2025\/12\/Sober_Spirits_Rhum_Sans_Alcool_Alcohol-free_Rum_white_background.webp\" \/>\n\t<meta property=\"og:image:width\" content=\"1600\" \/>\n\t<meta property=\"og:image:height\" content=\"1600\" \/>\n\t<meta property=\"og:image:type\" content=\"image\/webp\" \/>\n<meta name=\"twitter:card\" content=\"summary_large_image\" \/>\n<meta name=\"twitter:label1\" content=\"Dur\u00e9e de lecture estim\u00e9e\" \/>\n\t<meta name=\"twitter:data1\" content=\"1 minute\" \/>\n<script type=\"application\/ld+json\" class=\"yoast-schema-graph\">{\"@context\":\"https:\\\/\\\/schema.org\",\"@graph\":[{\"@type\":\"WebPage\",\"@id\":\"https:\\\/\\\/www.lapero.shop\\\/index.php\\\/produit\\\/rhum-0-sober-spirits\\\/\",\"url\":\"https:\\\/\\\/www.lapero.shop\\\/index.php\\\/produit\\\/rhum-0-sober-spirits\\\/\",\"name\":\"Rhum 0% Sober Spirits - L&#039;ap\u00e9ro.shop\",\"isPartOf\":{\"@id\":\"https:\\\/\\\/www.lapero.shop\\\/#website\"},\"primaryImageOfPage\":{\"@id\":\"https:\\\/\\\/www.lapero.shop\\\/index.php\\\/produit\\\/rhum-0-sober-spirits\\\/#primaryimage\"},\"image\":{\"@id\":\"https:\\\/\\\/www.lapero.shop\\\/index.php\\\/produit\\\/rhum-0-sober-spirits\\\/#primaryimage\"},\"thumbnailUrl\":\"https:\\\/\\\/www.lapero.shop\\\/wp-content\\\/uploads\\\/2025\\\/12\\\/Sober_Spirits_Rhum_Sans_Alcool_Alcohol-free_Rum_white_background.webp\",\"datePublished\":\"2025-12-23T17:03:38+00:00\",\"dateModified\":\"2025-12-23T17:11:21+00:00\",\"description\":\"Pour boire sans alcool mais avec plaisir! Alternative au Gin sans alcool et sans sucre. Livraisons gratuites, sur Toulouse et proche agglom\u00e9ration.\",\"breadcrumb\":{\"@id\":\"https:\\\/\\\/www.lapero.shop\\\/index.php\\\/produit\\\/rhum-0-sober-spirits\\\/#breadcrumb\"},\"inLanguage\":\"fr-FR\",\"potentialAction\":[{\"@type\":\"ReadAction\",\"target\":[\"https:\\\/\\\/www.lapero.shop\\\/index.php\\\/produit\\\/rhum-0-sober-spirits\\\/\"]}]},{\"@type\":\"ImageObject\",\"inLanguage\":\"fr-FR\",\"@id\":\"https:\\\/\\\/www.lapero.shop\\\/index.php\\\/produit\\\/rhum-0-sober-spirits\\\/#primaryimage\",\"url\":\"https:\\\/\\\/www.lapero.shop\\\/wp-content\\\/uploads\\\/2025\\\/12\\\/Sober_Spirits_Rhum_Sans_Alcool_Alcohol-free_Rum_white_background.webp\",\"contentUrl\":\"https:\\\/\\\/www.lapero.shop\\\/wp-content\\\/uploads\\\/2025\\\/12\\\/Sober_Spirits_Rhum_Sans_Alcool_Alcohol-free_Rum_white_background.webp\",\"width\":1600,\"height\":1600},{\"@type\":\"BreadcrumbList\",\"@id\":\"https:\\\/\\\/www.lapero.shop\\\/index.php\\\/produit\\\/rhum-0-sober-spirits\\\/#breadcrumb\",\"itemListElement\":[{\"@type\":\"ListItem\",\"position\":1,\"name\":\"Accueil\",\"item\":\"https:\\\/\\\/www.lapero.shop\\\/\"},{\"@type\":\"ListItem\",\"position\":2,\"name\":\"Boutique\",\"item\":\"https:\\\/\\\/www.lapero.shop\\\/index.php\\\/boutique\\\/\"},{\"@type\":\"ListItem\",\"position\":3,\"name\":\"Rhum 0% Sober Spirits\"}]},{\"@type\":\"WebSite\",\"@id\":\"https:\\\/\\\/www.lapero.shop\\\/#website\",\"url\":\"https:\\\/\\\/www.lapero.shop\\\/\",\"name\":\"L&#039;ap\u00e9ro\",\"description\":\"Boissons festives sans alcool\",\"publisher\":{\"@id\":\"https:\\\/\\\/www.lapero.shop\\\/#organization\"},\"potentialAction\":[{\"@type\":\"SearchAction\",\"target\":{\"@type\":\"EntryPoint\",\"urlTemplate\":\"https:\\\/\\\/www.lapero.shop\\\/?s={search_term_string}\"},\"query-input\":{\"@type\":\"PropertyValueSpecification\",\"valueRequired\":true,\"valueName\":\"search_term_string\"}}],\"inLanguage\":\"fr-FR\"},{\"@type\":\"Organization\",\"@id\":\"https:\\\/\\\/www.lapero.shop\\\/#organization\",\"name\":\"L&#039;ap\u00e9ro\",\"url\":\"https:\\\/\\\/www.lapero.shop\\\/\",\"logo\":{\"@type\":\"ImageObject\",\"inLanguage\":\"fr-FR\",\"@id\":\"https:\\\/\\\/www.lapero.shop\\\/#\\\/schema\\\/logo\\\/image\\\/\",\"url\":\"https:\\\/\\\/www.lapero.shop\\\/wp-content\\\/uploads\\\/2024\\\/03\\\/cropped-logo_Lapero.shop_small.png\",\"contentUrl\":\"https:\\\/\\\/www.lapero.shop\\\/wp-content\\\/uploads\\\/2024\\\/03\\\/cropped-logo_Lapero.shop_small.png\",\"width\":1276,\"height\":332,\"caption\":\"L&#039;ap\u00e9ro\"},\"image\":{\"@id\":\"https:\\\/\\\/www.lapero.shop\\\/#\\\/schema\\\/logo\\\/image\\\/\"}}]}<\/script>\n<!-- \/ Yoast SEO plugin. -->","yoast_head_json":{"title":"Rhum 0% Sober Spirits - L&#039;ap\u00e9ro.shop","description":"Pour boire sans alcool mais avec plaisir! Alternative au Gin sans alcool et sans sucre. Livraisons gratuites, sur Toulouse et proche agglom\u00e9ration.","robots":{"index":"index","follow":"follow","max-snippet":"max-snippet:-1","max-image-preview":"max-image-preview:large","max-video-preview":"max-video-preview:-1"},"canonical":"https:\/\/www.lapero.shop\/index.php\/produit\/rhum-0-sober-spirits\/","og_locale":"fr_FR","og_type":"article","og_title":"Rhum 0% Sober Spirits - L&#039;ap\u00e9ro.shop","og_description":"Pour boire sans alcool mais avec plaisir! Alternative au Gin sans alcool et sans sucre. Livraisons gratuites, sur Toulouse et proche agglom\u00e9ration.","og_url":"https:\/\/www.lapero.shop\/index.php\/produit\/rhum-0-sober-spirits\/","og_site_name":"L&#039;ap\u00e9ro","article_modified_time":"2025-12-23T17:11:21+00:00","og_image":[{"width":1600,"height":1600,"url":"https:\/\/www.lapero.shop\/wp-content\/uploads\/2025\/12\/Sober_Spirits_Rhum_Sans_Alcool_Alcohol-free_Rum_white_background.webp","type":"image\/webp"}],"twitter_card":"summary_large_image","twitter_misc":{"Dur\u00e9e de lecture estim\u00e9e":"1 minute"},"schema":{"@context":"https:\/\/schema.org","@graph":[{"@type":"WebPage","@id":"https:\/\/www.lapero.shop\/index.php\/produit\/rhum-0-sober-spirits\/","url":"https:\/\/www.lapero.shop\/index.php\/produit\/rhum-0-sober-spirits\/","name":"Rhum 0% Sober Spirits - L&#039;ap\u00e9ro.shop","isPartOf":{"@id":"https:\/\/www.lapero.shop\/#website"},"primaryImageOfPage":{"@id":"https:\/\/www.lapero.shop\/index.php\/produit\/rhum-0-sober-spirits\/#primaryimage"},"image":{"@id":"https:\/\/www.lapero.shop\/index.php\/produit\/rhum-0-sober-spirits\/#primaryimage"},"thumbnailUrl":"https:\/\/www.lapero.shop\/wp-content\/uploads\/2025\/12\/Sober_Spirits_Rhum_Sans_Alcool_Alcohol-free_Rum_white_background.webp","datePublished":"2025-12-23T17:03:38+00:00","dateModified":"2025-12-23T17:11:21+00:00","description":"Pour boire sans alcool mais avec plaisir! Alternative au Gin sans alcool et sans sucre. Livraisons gratuites, sur Toulouse et proche agglom\u00e9ration.","breadcrumb":{"@id":"https:\/\/www.lapero.shop\/index.php\/produit\/rhum-0-sober-spirits\/#breadcrumb"},"inLanguage":"fr-FR","potentialAction":[{"@type":"ReadAction","target":["https:\/\/www.lapero.shop\/index.php\/produit\/rhum-0-sober-spirits\/"]}]},{"@type":"ImageObject","inLanguage":"fr-FR","@id":"https:\/\/www.lapero.shop\/index.php\/produit\/rhum-0-sober-spirits\/#primaryimage","url":"https:\/\/www.lapero.shop\/wp-content\/uploads\/2025\/12\/Sober_Spirits_Rhum_Sans_Alcool_Alcohol-free_Rum_white_background.webp","contentUrl":"https:\/\/www.lapero.shop\/wp-content\/uploads\/2025\/12\/Sober_Spirits_Rhum_Sans_Alcool_Alcohol-free_Rum_white_background.webp","width":1600,"height":1600},{"@type":"BreadcrumbList","@id":"https:\/\/www.lapero.shop\/index.php\/produit\/rhum-0-sober-spirits\/#breadcrumb","itemListElement":[{"@type":"ListItem","position":1,"name":"Accueil","item":"https:\/\/www.lapero.shop\/"},{"@type":"ListItem","position":2,"name":"Boutique","item":"https:\/\/www.lapero.shop\/index.php\/boutique\/"},{"@type":"ListItem","position":3,"name":"Rhum 0% Sober Spirits"}]},{"@type":"WebSite","@id":"https:\/\/www.lapero.shop\/#website","url":"https:\/\/www.lapero.shop\/","name":"L&#039;ap\u00e9ro","description":"Boissons festives sans alcool","publisher":{"@id":"https:\/\/www.lapero.shop\/#organization"},"potentialAction":[{"@type":"SearchAction","target":{"@type":"EntryPoint","urlTemplate":"https:\/\/www.lapero.shop\/?s={search_term_string}"},"query-input":{"@type":"PropertyValueSpecification","valueRequired":true,"valueName":"search_term_string"}}],"inLanguage":"fr-FR"},{"@type":"Organization","@id":"https:\/\/www.lapero.shop\/#organization","name":"L&#039;ap\u00e9ro","url":"https:\/\/www.lapero.shop\/","logo":{"@type":"ImageObject","inLanguage":"fr-FR","@id":"https:\/\/www.lapero.shop\/#\/schema\/logo\/image\/","url":"https:\/\/www.lapero.shop\/wp-content\/uploads\/2024\/03\/cropped-logo_Lapero.shop_small.png","contentUrl":"https:\/\/www.lapero.shop\/wp-content\/uploads\/2024\/03\/cropped-logo_Lapero.shop_small.png","width":1276,"height":332,"caption":"L&#039;ap\u00e9ro"},"image":{"@id":"https:\/\/www.lapero.shop\/#\/schema\/logo\/image\/"}}]}},"jetpack_sharing_enabled":true,"_links":{"self":[{"href":"https:\/\/www.lapero.shop\/index.php\/wp-json\/wp\/v2\/product\/400","targetHints":{"allow":["GET"]}}],"collection":[{"href":"https:\/\/www.lapero.shop\/index.php\/wp-json\/wp\/v2\/product"}],"about":[{"href":"https:\/\/www.lapero.shop\/index.php\/wp-json\/wp\/v2\/types\/product"}],"replies":[{"embeddable":true,"href":"https:\/\/www.lapero.shop\/index.php\/wp-json\/wp\/v2\/comments?post=400"}],"wp:featuredmedia":[{"embeddable":true,"href":"https:\/\/www.lapero.shop\/index.php\/wp-json\/wp\/v2\/media\/401"}],"wp:attachment":[{"href":"https:\/\/www.lapero.shop\/index.php\/wp-json\/wp\/v2\/media?parent=400"}],"wp:term":[{"taxonomy":"product_brand","embeddable":true,"href":"https:\/\/www.lapero.shop\/index.php\/wp-json\/wp\/v2\/product_brand?post=400"},{"taxonomy":"product_cat","embeddable":true,"href":"https:\/\/www.lapero.shop\/index.php\/wp-json\/wp\/v2\/product_cat?post=400"},{"taxonomy":"product_tag","embeddable":true,"href":"https:\/\/www.lapero.shop\/index.php\/wp-json\/wp\/v2\/product_tag?post=400"}],"curies":[{"name":"wp","href":"https:\/\/api.w.org\/{rel}","templated":true}]}}