{"id":430,"date":"2026-03-11T16:58:38","date_gmt":"2026-03-11T15:58:38","guid":{"rendered":"https:\/\/www.lapero.shop\/?post_type=product&#038;p=430"},"modified":"2026-03-11T16:59:36","modified_gmt":"2026-03-11T15:59:36","slug":"degrez_ipa_75cl","status":"publish","type":"product","link":"https:\/\/www.lapero.shop\/index.php\/produit\/degrez_ipa_75cl\/","title":{"rendered":"Degr\u00e9 Z IPA &#8211; Brasserie des Garrigues &#8211; 75cl"},"content":{"rendered":"<p>Parce que sans alcool ne doit pas dire sans go\u00fbt!<\/p>\n<p>La Brasserie des Garrigues est une brasserie artisanale situ\u00e9e \u00e0 Sommi\u00e8res dans le Gard, qui a inclus dans son offre 3 bi\u00e8res sans alcool qu&rsquo;on adore.<\/p>\n<p>En brasserie artisanale, la bi\u00e8re sans alcool est brass\u00e9e comme une bi\u00e8re classique: pas de d\u00e9salcoolisation, tout le proc\u00e9d\u00e9 de fermentation et de brassage est conserv\u00e9, seule la levure change.<\/p>\n<p>R\u00e9sultat: une bi\u00e8re de caract\u00e8re, qui pr\u00e9sente des traces d&rsquo;alcool (environ 0,4%)<\/p>\n<p>La Degr\u00e9 Z IPA est une Indian Pale Ale,\u00a0bio et sans gluten.<\/p>\n<p>Disponible en 33 cl et 75 cl.<\/p>\n","protected":false},"excerpt":{"rendered":"<p>Bi\u00e8re blonde artisanale Degr\u00e9 Z IPA sans alcool, bio et sans gluten, 75 cl<\/p>\n<p>Produite par la Brasserie des Garrigues (30)<\/p>\n","protected":false},"featured_media":428,"comment_status":"open","ping_status":"closed","template":"","meta":[],"product_brand":[],"product_cat":[25,38],"product_tag":[30],"class_list":{"0":"post-430","1":"product","2":"type-product","3":"status-publish","4":"has-post-thumbnail","6":"product_cat-bieres-sans-alcool","7":"product_cat-bio","8":"product_tag-coup-de-coeur","10":"first","11":"instock","12":"shipping-taxable","13":"purchasable","14":"product-type-simple"},"yoast_head":"<!-- This site is optimized with the Yoast SEO plugin v27.4 - https:\/\/yoast.com\/product\/yoast-seo-wordpress\/ -->\n<title>Degr\u00e9 Z IPA - Brasserie des Garrigues - 75cl - L&#039;ap\u00e9ro<\/title>\n<meta name=\"description\" content=\"Pour boire sans alcool mais avec plaisir! Bi\u00e8re IPA sans alcool Degr\u00e9 Z, bio et sans gluten, de la Brasserie des Garrigues.\" \/>\n<meta name=\"robots\" content=\"index, follow, max-snippet:-1, max-image-preview:large, max-video-preview:-1\" \/>\n<link rel=\"canonical\" href=\"https:\/\/www.lapero.shop\/index.php\/produit\/degrez_ipa_75cl\/\" \/>\n<meta property=\"og:locale\" content=\"fr_FR\" \/>\n<meta property=\"og:type\" content=\"article\" \/>\n<meta property=\"og:title\" content=\"Degr\u00e9 Z IPA - Brasserie des Garrigues - 75cl - L&#039;ap\u00e9ro\" \/>\n<meta property=\"og:description\" content=\"Pour boire sans alcool mais avec plaisir! Bi\u00e8re IPA sans alcool Degr\u00e9 Z, bio et sans gluten, de la Brasserie des Garrigues.\" \/>\n<meta property=\"og:url\" content=\"https:\/\/www.lapero.shop\/index.php\/produit\/degrez_ipa_75cl\/\" \/>\n<meta property=\"og:site_name\" content=\"L&#039;ap\u00e9ro\" \/>\n<meta property=\"article:modified_time\" content=\"2026-03-11T15:59:36+00:00\" \/>\n<meta property=\"og:image\" content=\"https:\/\/www.lapero.shop\/wp-content\/uploads\/2026\/03\/degre_Z_IPA.jpg\" \/>\n\t<meta property=\"og:image:width\" content=\"1080\" \/>\n\t<meta property=\"og:image:height\" content=\"1350\" \/>\n\t<meta property=\"og:image:type\" content=\"image\/jpeg\" \/>\n<meta name=\"twitter:card\" content=\"summary_large_image\" \/>\n<meta name=\"twitter:label1\" content=\"Dur\u00e9e de lecture estim\u00e9e\" \/>\n\t<meta name=\"twitter:data1\" content=\"1 minute\" \/>\n<script type=\"application\/ld+json\" class=\"yoast-schema-graph\">{\"@context\":\"https:\\\/\\\/schema.org\",\"@graph\":[{\"@type\":\"WebPage\",\"@id\":\"https:\\\/\\\/www.lapero.shop\\\/index.php\\\/produit\\\/degrez_ipa_75cl\\\/\",\"url\":\"https:\\\/\\\/www.lapero.shop\\\/index.php\\\/produit\\\/degrez_ipa_75cl\\\/\",\"name\":\"Degr\u00e9 Z IPA - Brasserie des Garrigues - 75cl - L&#039;ap\u00e9ro\",\"isPartOf\":{\"@id\":\"https:\\\/\\\/www.lapero.shop\\\/#website\"},\"primaryImageOfPage\":{\"@id\":\"https:\\\/\\\/www.lapero.shop\\\/index.php\\\/produit\\\/degrez_ipa_75cl\\\/#primaryimage\"},\"image\":{\"@id\":\"https:\\\/\\\/www.lapero.shop\\\/index.php\\\/produit\\\/degrez_ipa_75cl\\\/#primaryimage\"},\"thumbnailUrl\":\"https:\\\/\\\/www.lapero.shop\\\/wp-content\\\/uploads\\\/2026\\\/03\\\/degre_Z_IPA.jpg\",\"datePublished\":\"2026-03-11T15:58:38+00:00\",\"dateModified\":\"2026-03-11T15:59:36+00:00\",\"description\":\"Pour boire sans alcool mais avec plaisir! Bi\u00e8re IPA sans alcool Degr\u00e9 Z, bio et sans gluten, de la Brasserie des Garrigues.\",\"breadcrumb\":{\"@id\":\"https:\\\/\\\/www.lapero.shop\\\/index.php\\\/produit\\\/degrez_ipa_75cl\\\/#breadcrumb\"},\"inLanguage\":\"fr-FR\",\"potentialAction\":[{\"@type\":\"ReadAction\",\"target\":[\"https:\\\/\\\/www.lapero.shop\\\/index.php\\\/produit\\\/degrez_ipa_75cl\\\/\"]}]},{\"@type\":\"ImageObject\",\"inLanguage\":\"fr-FR\",\"@id\":\"https:\\\/\\\/www.lapero.shop\\\/index.php\\\/produit\\\/degrez_ipa_75cl\\\/#primaryimage\",\"url\":\"https:\\\/\\\/www.lapero.shop\\\/wp-content\\\/uploads\\\/2026\\\/03\\\/degre_Z_IPA.jpg\",\"contentUrl\":\"https:\\\/\\\/www.lapero.shop\\\/wp-content\\\/uploads\\\/2026\\\/03\\\/degre_Z_IPA.jpg\",\"width\":1080,\"height\":1350},{\"@type\":\"BreadcrumbList\",\"@id\":\"https:\\\/\\\/www.lapero.shop\\\/index.php\\\/produit\\\/degrez_ipa_75cl\\\/#breadcrumb\",\"itemListElement\":[{\"@type\":\"ListItem\",\"position\":1,\"name\":\"Accueil\",\"item\":\"https:\\\/\\\/www.lapero.shop\\\/\"},{\"@type\":\"ListItem\",\"position\":2,\"name\":\"Boutique\",\"item\":\"https:\\\/\\\/www.lapero.shop\\\/index.php\\\/boutique\\\/\"},{\"@type\":\"ListItem\",\"position\":3,\"name\":\"Degr\u00e9 Z IPA &#8211; Brasserie des Garrigues &#8211; 75cl\"}]},{\"@type\":\"WebSite\",\"@id\":\"https:\\\/\\\/www.lapero.shop\\\/#website\",\"url\":\"https:\\\/\\\/www.lapero.shop\\\/\",\"name\":\"L&#039;ap\u00e9ro\",\"description\":\"Boissons festives sans alcool\",\"publisher\":{\"@id\":\"https:\\\/\\\/www.lapero.shop\\\/#organization\"},\"potentialAction\":[{\"@type\":\"SearchAction\",\"target\":{\"@type\":\"EntryPoint\",\"urlTemplate\":\"https:\\\/\\\/www.lapero.shop\\\/?s={search_term_string}\"},\"query-input\":{\"@type\":\"PropertyValueSpecification\",\"valueRequired\":true,\"valueName\":\"search_term_string\"}}],\"inLanguage\":\"fr-FR\"},{\"@type\":\"Organization\",\"@id\":\"https:\\\/\\\/www.lapero.shop\\\/#organization\",\"name\":\"L&#039;ap\u00e9ro\",\"url\":\"https:\\\/\\\/www.lapero.shop\\\/\",\"logo\":{\"@type\":\"ImageObject\",\"inLanguage\":\"fr-FR\",\"@id\":\"https:\\\/\\\/www.lapero.shop\\\/#\\\/schema\\\/logo\\\/image\\\/\",\"url\":\"https:\\\/\\\/www.lapero.shop\\\/wp-content\\\/uploads\\\/2024\\\/03\\\/cropped-logo_Lapero.shop_small.png\",\"contentUrl\":\"https:\\\/\\\/www.lapero.shop\\\/wp-content\\\/uploads\\\/2024\\\/03\\\/cropped-logo_Lapero.shop_small.png\",\"width\":1276,\"height\":332,\"caption\":\"L&#039;ap\u00e9ro\"},\"image\":{\"@id\":\"https:\\\/\\\/www.lapero.shop\\\/#\\\/schema\\\/logo\\\/image\\\/\"}}]}<\/script>\n<!-- \/ Yoast SEO plugin. -->","yoast_head_json":{"title":"Degr\u00e9 Z IPA - Brasserie des Garrigues - 75cl - L&#039;ap\u00e9ro","description":"Pour boire sans alcool mais avec plaisir! Bi\u00e8re IPA sans alcool Degr\u00e9 Z, bio et sans gluten, de la Brasserie des Garrigues.","robots":{"index":"index","follow":"follow","max-snippet":"max-snippet:-1","max-image-preview":"max-image-preview:large","max-video-preview":"max-video-preview:-1"},"canonical":"https:\/\/www.lapero.shop\/index.php\/produit\/degrez_ipa_75cl\/","og_locale":"fr_FR","og_type":"article","og_title":"Degr\u00e9 Z IPA - Brasserie des Garrigues - 75cl - L&#039;ap\u00e9ro","og_description":"Pour boire sans alcool mais avec plaisir! Bi\u00e8re IPA sans alcool Degr\u00e9 Z, bio et sans gluten, de la Brasserie des Garrigues.","og_url":"https:\/\/www.lapero.shop\/index.php\/produit\/degrez_ipa_75cl\/","og_site_name":"L&#039;ap\u00e9ro","article_modified_time":"2026-03-11T15:59:36+00:00","og_image":[{"width":1080,"height":1350,"url":"https:\/\/www.lapero.shop\/wp-content\/uploads\/2026\/03\/degre_Z_IPA.jpg","type":"image\/jpeg"}],"twitter_card":"summary_large_image","twitter_misc":{"Dur\u00e9e de lecture estim\u00e9e":"1 minute"},"schema":{"@context":"https:\/\/schema.org","@graph":[{"@type":"WebPage","@id":"https:\/\/www.lapero.shop\/index.php\/produit\/degrez_ipa_75cl\/","url":"https:\/\/www.lapero.shop\/index.php\/produit\/degrez_ipa_75cl\/","name":"Degr\u00e9 Z IPA - Brasserie des Garrigues - 75cl - L&#039;ap\u00e9ro","isPartOf":{"@id":"https:\/\/www.lapero.shop\/#website"},"primaryImageOfPage":{"@id":"https:\/\/www.lapero.shop\/index.php\/produit\/degrez_ipa_75cl\/#primaryimage"},"image":{"@id":"https:\/\/www.lapero.shop\/index.php\/produit\/degrez_ipa_75cl\/#primaryimage"},"thumbnailUrl":"https:\/\/www.lapero.shop\/wp-content\/uploads\/2026\/03\/degre_Z_IPA.jpg","datePublished":"2026-03-11T15:58:38+00:00","dateModified":"2026-03-11T15:59:36+00:00","description":"Pour boire sans alcool mais avec plaisir! Bi\u00e8re IPA sans alcool Degr\u00e9 Z, bio et sans gluten, de la Brasserie des Garrigues.","breadcrumb":{"@id":"https:\/\/www.lapero.shop\/index.php\/produit\/degrez_ipa_75cl\/#breadcrumb"},"inLanguage":"fr-FR","potentialAction":[{"@type":"ReadAction","target":["https:\/\/www.lapero.shop\/index.php\/produit\/degrez_ipa_75cl\/"]}]},{"@type":"ImageObject","inLanguage":"fr-FR","@id":"https:\/\/www.lapero.shop\/index.php\/produit\/degrez_ipa_75cl\/#primaryimage","url":"https:\/\/www.lapero.shop\/wp-content\/uploads\/2026\/03\/degre_Z_IPA.jpg","contentUrl":"https:\/\/www.lapero.shop\/wp-content\/uploads\/2026\/03\/degre_Z_IPA.jpg","width":1080,"height":1350},{"@type":"BreadcrumbList","@id":"https:\/\/www.lapero.shop\/index.php\/produit\/degrez_ipa_75cl\/#breadcrumb","itemListElement":[{"@type":"ListItem","position":1,"name":"Accueil","item":"https:\/\/www.lapero.shop\/"},{"@type":"ListItem","position":2,"name":"Boutique","item":"https:\/\/www.lapero.shop\/index.php\/boutique\/"},{"@type":"ListItem","position":3,"name":"Degr\u00e9 Z IPA &#8211; Brasserie des Garrigues &#8211; 75cl"}]},{"@type":"WebSite","@id":"https:\/\/www.lapero.shop\/#website","url":"https:\/\/www.lapero.shop\/","name":"L&#039;ap\u00e9ro","description":"Boissons festives sans alcool","publisher":{"@id":"https:\/\/www.lapero.shop\/#organization"},"potentialAction":[{"@type":"SearchAction","target":{"@type":"EntryPoint","urlTemplate":"https:\/\/www.lapero.shop\/?s={search_term_string}"},"query-input":{"@type":"PropertyValueSpecification","valueRequired":true,"valueName":"search_term_string"}}],"inLanguage":"fr-FR"},{"@type":"Organization","@id":"https:\/\/www.lapero.shop\/#organization","name":"L&#039;ap\u00e9ro","url":"https:\/\/www.lapero.shop\/","logo":{"@type":"ImageObject","inLanguage":"fr-FR","@id":"https:\/\/www.lapero.shop\/#\/schema\/logo\/image\/","url":"https:\/\/www.lapero.shop\/wp-content\/uploads\/2024\/03\/cropped-logo_Lapero.shop_small.png","contentUrl":"https:\/\/www.lapero.shop\/wp-content\/uploads\/2024\/03\/cropped-logo_Lapero.shop_small.png","width":1276,"height":332,"caption":"L&#039;ap\u00e9ro"},"image":{"@id":"https:\/\/www.lapero.shop\/#\/schema\/logo\/image\/"}}]}},"jetpack_sharing_enabled":true,"_links":{"self":[{"href":"https:\/\/www.lapero.shop\/index.php\/wp-json\/wp\/v2\/product\/430","targetHints":{"allow":["GET"]}}],"collection":[{"href":"https:\/\/www.lapero.shop\/index.php\/wp-json\/wp\/v2\/product"}],"about":[{"href":"https:\/\/www.lapero.shop\/index.php\/wp-json\/wp\/v2\/types\/product"}],"replies":[{"embeddable":true,"href":"https:\/\/www.lapero.shop\/index.php\/wp-json\/wp\/v2\/comments?post=430"}],"wp:featuredmedia":[{"embeddable":true,"href":"https:\/\/www.lapero.shop\/index.php\/wp-json\/wp\/v2\/media\/428"}],"wp:attachment":[{"href":"https:\/\/www.lapero.shop\/index.php\/wp-json\/wp\/v2\/media?parent=430"}],"wp:term":[{"taxonomy":"product_brand","embeddable":true,"href":"https:\/\/www.lapero.shop\/index.php\/wp-json\/wp\/v2\/product_brand?post=430"},{"taxonomy":"product_cat","embeddable":true,"href":"https:\/\/www.lapero.shop\/index.php\/wp-json\/wp\/v2\/product_cat?post=430"},{"taxonomy":"product_tag","embeddable":true,"href":"https:\/\/www.lapero.shop\/index.php\/wp-json\/wp\/v2\/product_tag?post=430"}],"curies":[{"name":"wp","href":"https:\/\/api.w.org\/{rel}","templated":true}]}}