{"id":86,"date":"2024-03-02T07:45:45","date_gmt":"2024-03-02T06:45:45","guid":{"rendered":"https:\/\/lapero.shop\/?post_type=product&#038;p=86"},"modified":"2024-06-16T15:38:19","modified_gmt":"2024-06-16T13:38:19","slug":"osco-rouge-ardent-700-ml","status":"publish","type":"product","link":"https:\/\/www.lapero.shop\/index.php\/produit\/osco-rouge-ardent-700-ml\/","title":{"rendered":"OSCO Rouge ardent 700 ml"},"content":{"rendered":"<p>Un vrai ap\u00e9ritif fruit\u00e9 et \u00e9pic\u00e9 avec une touche de piment pour encore plus de peps!<\/p>\n<p>Impossible de s&rsquo;ennuyer avec cet ap\u00e9ritif de qualit\u00e9 et original, un vrai coup de coeur qui fera l&rsquo;unanimit\u00e9.<\/p>\n<p>Pas d&rsquo;effet \u00ab\u00a0bonbon\u00a0\u00bb li\u00e9 aux fruits rouges: Osco Rouge Ardent se marie parfaitement avec le tonic qui vient \u00e9quilibrer le c\u00f4t\u00e9 fruit\u00e9 intense.<\/p>\n<p>Sans tonic, avec de l&rsquo;eau p\u00e9tillante par exemple, Osco Rouge Argent plaira aux amateurs de boissons fruit\u00e9es.<\/p>\n<p>Pour nous, un sans-faute!<\/p>\n<p>A servir frais avec des gla\u00e7ons, et avec du tonic: 1\/3 OSCO Rouge Ardent, 2\/3 tonic.<\/p>\n<p>Fabrication fran\u00e7aise dans le P\u00e9rigord.<\/p>\n","protected":false},"excerpt":{"rendered":"<p>OSCO Rouge Ardent 700 ml<\/p>\n","protected":false},"featured_media":83,"comment_status":"open","ping_status":"closed","template":"","meta":[],"product_brand":[],"product_cat":[19],"product_tag":[27],"class_list":{"0":"post-86","1":"product","2":"type-product","3":"status-publish","4":"has-post-thumbnail","6":"product_cat-cocktails","7":"product_tag-frutti","9":"first","10":"instock","11":"shipping-taxable","12":"purchasable","13":"product-type-simple"},"yoast_head":"<!-- This site is optimized with the Yoast SEO plugin v27.4 - https:\/\/yoast.com\/product\/yoast-seo-wordpress\/ -->\n<title>OSCO Rouge ardent 700 ml - L&#039;ap\u00e9ro<\/title>\n<meta name=\"description\" content=\"Pour boire sans alcool mais avec plaisir! Ap\u00e9ritif fruit\u00e9 et \u00e9pic\u00e9 OSCO Rouge ardent. Livraisons gratuites, sur Toulouse et proche agglom\u00e9ration.\" \/>\n<meta name=\"robots\" content=\"index, follow, max-snippet:-1, max-image-preview:large, max-video-preview:-1\" \/>\n<link rel=\"canonical\" href=\"https:\/\/www.lapero.shop\/index.php\/produit\/osco-rouge-ardent-700-ml\/\" \/>\n<meta property=\"og:locale\" content=\"fr_FR\" \/>\n<meta property=\"og:type\" content=\"article\" \/>\n<meta property=\"og:title\" content=\"OSCO Rouge ardent 700 ml - L&#039;ap\u00e9ro\" \/>\n<meta property=\"og:description\" content=\"Pour boire sans alcool mais avec plaisir! Ap\u00e9ritif fruit\u00e9 et \u00e9pic\u00e9 OSCO Rouge ardent. Livraisons gratuites, sur Toulouse et proche agglom\u00e9ration.\" \/>\n<meta property=\"og:url\" content=\"https:\/\/www.lapero.shop\/index.php\/produit\/osco-rouge-ardent-700-ml\/\" \/>\n<meta property=\"og:site_name\" content=\"L&#039;ap\u00e9ro\" \/>\n<meta property=\"article:modified_time\" content=\"2024-06-16T13:38:19+00:00\" \/>\n<meta property=\"og:image\" content=\"https:\/\/www.lapero.shop\/wp-content\/uploads\/2024\/03\/OSCOLeRougeArdentaperitifsansalcoolmedaille_7a1b901d-4433-4fd3-bcda-836c37320dd7_720x.webp\" \/>\n\t<meta property=\"og:image:width\" content=\"720\" \/>\n\t<meta property=\"og:image:height\" content=\"720\" \/>\n\t<meta property=\"og:image:type\" content=\"image\/webp\" \/>\n<meta name=\"twitter:card\" content=\"summary_large_image\" \/>\n<meta name=\"twitter:label1\" content=\"Dur\u00e9e de lecture estim\u00e9e\" \/>\n\t<meta name=\"twitter:data1\" content=\"1 minute\" \/>\n<script type=\"application\/ld+json\" class=\"yoast-schema-graph\">{\"@context\":\"https:\\\/\\\/schema.org\",\"@graph\":[{\"@type\":\"WebPage\",\"@id\":\"https:\\\/\\\/www.lapero.shop\\\/index.php\\\/produit\\\/osco-rouge-ardent-700-ml\\\/\",\"url\":\"https:\\\/\\\/www.lapero.shop\\\/index.php\\\/produit\\\/osco-rouge-ardent-700-ml\\\/\",\"name\":\"OSCO Rouge ardent 700 ml - L&#039;ap\u00e9ro\",\"isPartOf\":{\"@id\":\"https:\\\/\\\/www.lapero.shop\\\/#website\"},\"primaryImageOfPage\":{\"@id\":\"https:\\\/\\\/www.lapero.shop\\\/index.php\\\/produit\\\/osco-rouge-ardent-700-ml\\\/#primaryimage\"},\"image\":{\"@id\":\"https:\\\/\\\/www.lapero.shop\\\/index.php\\\/produit\\\/osco-rouge-ardent-700-ml\\\/#primaryimage\"},\"thumbnailUrl\":\"https:\\\/\\\/www.lapero.shop\\\/wp-content\\\/uploads\\\/2024\\\/03\\\/OSCOLeRougeArdentaperitifsansalcoolmedaille_7a1b901d-4433-4fd3-bcda-836c37320dd7_720x.webp\",\"datePublished\":\"2024-03-02T06:45:45+00:00\",\"dateModified\":\"2024-06-16T13:38:19+00:00\",\"description\":\"Pour boire sans alcool mais avec plaisir! Ap\u00e9ritif fruit\u00e9 et \u00e9pic\u00e9 OSCO Rouge ardent. Livraisons gratuites, sur Toulouse et proche agglom\u00e9ration.\",\"breadcrumb\":{\"@id\":\"https:\\\/\\\/www.lapero.shop\\\/index.php\\\/produit\\\/osco-rouge-ardent-700-ml\\\/#breadcrumb\"},\"inLanguage\":\"fr-FR\",\"potentialAction\":[{\"@type\":\"ReadAction\",\"target\":[\"https:\\\/\\\/www.lapero.shop\\\/index.php\\\/produit\\\/osco-rouge-ardent-700-ml\\\/\"]}]},{\"@type\":\"ImageObject\",\"inLanguage\":\"fr-FR\",\"@id\":\"https:\\\/\\\/www.lapero.shop\\\/index.php\\\/produit\\\/osco-rouge-ardent-700-ml\\\/#primaryimage\",\"url\":\"https:\\\/\\\/www.lapero.shop\\\/wp-content\\\/uploads\\\/2024\\\/03\\\/OSCOLeRougeArdentaperitifsansalcoolmedaille_7a1b901d-4433-4fd3-bcda-836c37320dd7_720x.webp\",\"contentUrl\":\"https:\\\/\\\/www.lapero.shop\\\/wp-content\\\/uploads\\\/2024\\\/03\\\/OSCOLeRougeArdentaperitifsansalcoolmedaille_7a1b901d-4433-4fd3-bcda-836c37320dd7_720x.webp\",\"width\":720,\"height\":720},{\"@type\":\"BreadcrumbList\",\"@id\":\"https:\\\/\\\/www.lapero.shop\\\/index.php\\\/produit\\\/osco-rouge-ardent-700-ml\\\/#breadcrumb\",\"itemListElement\":[{\"@type\":\"ListItem\",\"position\":1,\"name\":\"Accueil\",\"item\":\"https:\\\/\\\/www.lapero.shop\\\/\"},{\"@type\":\"ListItem\",\"position\":2,\"name\":\"Boutique\",\"item\":\"https:\\\/\\\/www.lapero.shop\\\/index.php\\\/boutique\\\/\"},{\"@type\":\"ListItem\",\"position\":3,\"name\":\"OSCO Rouge ardent 700 ml\"}]},{\"@type\":\"WebSite\",\"@id\":\"https:\\\/\\\/www.lapero.shop\\\/#website\",\"url\":\"https:\\\/\\\/www.lapero.shop\\\/\",\"name\":\"L&#039;ap\u00e9ro\",\"description\":\"Boissons festives sans alcool\",\"publisher\":{\"@id\":\"https:\\\/\\\/www.lapero.shop\\\/#organization\"},\"potentialAction\":[{\"@type\":\"SearchAction\",\"target\":{\"@type\":\"EntryPoint\",\"urlTemplate\":\"https:\\\/\\\/www.lapero.shop\\\/?s={search_term_string}\"},\"query-input\":{\"@type\":\"PropertyValueSpecification\",\"valueRequired\":true,\"valueName\":\"search_term_string\"}}],\"inLanguage\":\"fr-FR\"},{\"@type\":\"Organization\",\"@id\":\"https:\\\/\\\/www.lapero.shop\\\/#organization\",\"name\":\"L&#039;ap\u00e9ro\",\"url\":\"https:\\\/\\\/www.lapero.shop\\\/\",\"logo\":{\"@type\":\"ImageObject\",\"inLanguage\":\"fr-FR\",\"@id\":\"https:\\\/\\\/www.lapero.shop\\\/#\\\/schema\\\/logo\\\/image\\\/\",\"url\":\"https:\\\/\\\/www.lapero.shop\\\/wp-content\\\/uploads\\\/2024\\\/03\\\/cropped-logo_Lapero.shop_small.png\",\"contentUrl\":\"https:\\\/\\\/www.lapero.shop\\\/wp-content\\\/uploads\\\/2024\\\/03\\\/cropped-logo_Lapero.shop_small.png\",\"width\":1276,\"height\":332,\"caption\":\"L&#039;ap\u00e9ro\"},\"image\":{\"@id\":\"https:\\\/\\\/www.lapero.shop\\\/#\\\/schema\\\/logo\\\/image\\\/\"}}]}<\/script>\n<!-- \/ Yoast SEO plugin. -->","yoast_head_json":{"title":"OSCO Rouge ardent 700 ml - L&#039;ap\u00e9ro","description":"Pour boire sans alcool mais avec plaisir! Ap\u00e9ritif fruit\u00e9 et \u00e9pic\u00e9 OSCO Rouge ardent. Livraisons gratuites, sur Toulouse et proche agglom\u00e9ration.","robots":{"index":"index","follow":"follow","max-snippet":"max-snippet:-1","max-image-preview":"max-image-preview:large","max-video-preview":"max-video-preview:-1"},"canonical":"https:\/\/www.lapero.shop\/index.php\/produit\/osco-rouge-ardent-700-ml\/","og_locale":"fr_FR","og_type":"article","og_title":"OSCO Rouge ardent 700 ml - L&#039;ap\u00e9ro","og_description":"Pour boire sans alcool mais avec plaisir! Ap\u00e9ritif fruit\u00e9 et \u00e9pic\u00e9 OSCO Rouge ardent. Livraisons gratuites, sur Toulouse et proche agglom\u00e9ration.","og_url":"https:\/\/www.lapero.shop\/index.php\/produit\/osco-rouge-ardent-700-ml\/","og_site_name":"L&#039;ap\u00e9ro","article_modified_time":"2024-06-16T13:38:19+00:00","og_image":[{"width":720,"height":720,"url":"https:\/\/www.lapero.shop\/wp-content\/uploads\/2024\/03\/OSCOLeRougeArdentaperitifsansalcoolmedaille_7a1b901d-4433-4fd3-bcda-836c37320dd7_720x.webp","type":"image\/webp"}],"twitter_card":"summary_large_image","twitter_misc":{"Dur\u00e9e de lecture estim\u00e9e":"1 minute"},"schema":{"@context":"https:\/\/schema.org","@graph":[{"@type":"WebPage","@id":"https:\/\/www.lapero.shop\/index.php\/produit\/osco-rouge-ardent-700-ml\/","url":"https:\/\/www.lapero.shop\/index.php\/produit\/osco-rouge-ardent-700-ml\/","name":"OSCO Rouge ardent 700 ml - L&#039;ap\u00e9ro","isPartOf":{"@id":"https:\/\/www.lapero.shop\/#website"},"primaryImageOfPage":{"@id":"https:\/\/www.lapero.shop\/index.php\/produit\/osco-rouge-ardent-700-ml\/#primaryimage"},"image":{"@id":"https:\/\/www.lapero.shop\/index.php\/produit\/osco-rouge-ardent-700-ml\/#primaryimage"},"thumbnailUrl":"https:\/\/www.lapero.shop\/wp-content\/uploads\/2024\/03\/OSCOLeRougeArdentaperitifsansalcoolmedaille_7a1b901d-4433-4fd3-bcda-836c37320dd7_720x.webp","datePublished":"2024-03-02T06:45:45+00:00","dateModified":"2024-06-16T13:38:19+00:00","description":"Pour boire sans alcool mais avec plaisir! Ap\u00e9ritif fruit\u00e9 et \u00e9pic\u00e9 OSCO Rouge ardent. Livraisons gratuites, sur Toulouse et proche agglom\u00e9ration.","breadcrumb":{"@id":"https:\/\/www.lapero.shop\/index.php\/produit\/osco-rouge-ardent-700-ml\/#breadcrumb"},"inLanguage":"fr-FR","potentialAction":[{"@type":"ReadAction","target":["https:\/\/www.lapero.shop\/index.php\/produit\/osco-rouge-ardent-700-ml\/"]}]},{"@type":"ImageObject","inLanguage":"fr-FR","@id":"https:\/\/www.lapero.shop\/index.php\/produit\/osco-rouge-ardent-700-ml\/#primaryimage","url":"https:\/\/www.lapero.shop\/wp-content\/uploads\/2024\/03\/OSCOLeRougeArdentaperitifsansalcoolmedaille_7a1b901d-4433-4fd3-bcda-836c37320dd7_720x.webp","contentUrl":"https:\/\/www.lapero.shop\/wp-content\/uploads\/2024\/03\/OSCOLeRougeArdentaperitifsansalcoolmedaille_7a1b901d-4433-4fd3-bcda-836c37320dd7_720x.webp","width":720,"height":720},{"@type":"BreadcrumbList","@id":"https:\/\/www.lapero.shop\/index.php\/produit\/osco-rouge-ardent-700-ml\/#breadcrumb","itemListElement":[{"@type":"ListItem","position":1,"name":"Accueil","item":"https:\/\/www.lapero.shop\/"},{"@type":"ListItem","position":2,"name":"Boutique","item":"https:\/\/www.lapero.shop\/index.php\/boutique\/"},{"@type":"ListItem","position":3,"name":"OSCO Rouge ardent 700 ml"}]},{"@type":"WebSite","@id":"https:\/\/www.lapero.shop\/#website","url":"https:\/\/www.lapero.shop\/","name":"L&#039;ap\u00e9ro","description":"Boissons festives sans alcool","publisher":{"@id":"https:\/\/www.lapero.shop\/#organization"},"potentialAction":[{"@type":"SearchAction","target":{"@type":"EntryPoint","urlTemplate":"https:\/\/www.lapero.shop\/?s={search_term_string}"},"query-input":{"@type":"PropertyValueSpecification","valueRequired":true,"valueName":"search_term_string"}}],"inLanguage":"fr-FR"},{"@type":"Organization","@id":"https:\/\/www.lapero.shop\/#organization","name":"L&#039;ap\u00e9ro","url":"https:\/\/www.lapero.shop\/","logo":{"@type":"ImageObject","inLanguage":"fr-FR","@id":"https:\/\/www.lapero.shop\/#\/schema\/logo\/image\/","url":"https:\/\/www.lapero.shop\/wp-content\/uploads\/2024\/03\/cropped-logo_Lapero.shop_small.png","contentUrl":"https:\/\/www.lapero.shop\/wp-content\/uploads\/2024\/03\/cropped-logo_Lapero.shop_small.png","width":1276,"height":332,"caption":"L&#039;ap\u00e9ro"},"image":{"@id":"https:\/\/www.lapero.shop\/#\/schema\/logo\/image\/"}}]}},"jetpack_sharing_enabled":true,"_links":{"self":[{"href":"https:\/\/www.lapero.shop\/index.php\/wp-json\/wp\/v2\/product\/86","targetHints":{"allow":["GET"]}}],"collection":[{"href":"https:\/\/www.lapero.shop\/index.php\/wp-json\/wp\/v2\/product"}],"about":[{"href":"https:\/\/www.lapero.shop\/index.php\/wp-json\/wp\/v2\/types\/product"}],"replies":[{"embeddable":true,"href":"https:\/\/www.lapero.shop\/index.php\/wp-json\/wp\/v2\/comments?post=86"}],"wp:featuredmedia":[{"embeddable":true,"href":"https:\/\/www.lapero.shop\/index.php\/wp-json\/wp\/v2\/media\/83"}],"wp:attachment":[{"href":"https:\/\/www.lapero.shop\/index.php\/wp-json\/wp\/v2\/media?parent=86"}],"wp:term":[{"taxonomy":"product_brand","embeddable":true,"href":"https:\/\/www.lapero.shop\/index.php\/wp-json\/wp\/v2\/product_brand?post=86"},{"taxonomy":"product_cat","embeddable":true,"href":"https:\/\/www.lapero.shop\/index.php\/wp-json\/wp\/v2\/product_cat?post=86"},{"taxonomy":"product_tag","embeddable":true,"href":"https:\/\/www.lapero.shop\/index.php\/wp-json\/wp\/v2\/product_tag?post=86"}],"curies":[{"name":"wp","href":"https:\/\/api.w.org\/{rel}","templated":true}]}}